{"id":72,"date":"2011-03-10T01:23:33","date_gmt":"2011-03-10T00:23:33","guid":{"rendered":"http:\/\/asociacion.sportteamjeyma.hostei.com\/?page_id=72"},"modified":"2011-03-10T01:23:33","modified_gmt":"2011-03-10T00:23:33","slug":"junta-directiva","status":"publish","type":"page","link":"https:\/\/acdjeyma.es\/?page_id=72","title":{"rendered":"Junta Directiva"},"content":{"rendered":"<p style=\"text-align: justify;\">La Junta Directiva es el \u00f3rgano de representaci\u00f3n de la Asociaci\u00f3n Cultural y Deportiva Jeyma. Est\u00e1 compuesta por un Presidente, un Vicepresidente, un Secretario, un Tesorero y dos vocales. Entre otras competencias, la Junta Directiva se encarga de dirigir las actividades sociales y llevar la gesti\u00f3n econ\u00f3mica y administrativa de la Asociaci\u00f3n, ejecutar los acuerdos de la Asamblea General, formular y someter a la aprobaci\u00f3n de la Asamblea General los Balances y las Cuentas Anuales, resolver sobre la admisi\u00f3n de nuevos asociados y nombrar delegados para alguna determinada actividad de la Asociaci\u00f3n.<\/p>\n<p style=\"text-align: justify;\">Los componentes de la actual Junta Directiva de la ACD Jeyma, designados en Asamblea General Extraordinaria:<\/p>\n<p><img decoding=\"async\" class=\"wp-caption alignright\" style=\"border: 0px;\" title=\"Sala de Juntas\" src=\"images\/junta.jpg\" alt=\"Sala de Juntas\" align=\"right\" \/><\/p>\n<ul>\n<li>\n<h4>Presidente:<\/h4>\n<\/li>\n<\/ul>\n<p style=\"padding-left: 90px;\">V\u00edctor Manuel Ram\u00edrez S\u00e1nchez<\/p>\n<ul>\n<li>\n<h4>Vicepresidente:<\/h4>\n<\/li>\n<\/ul>\n<p style=\"padding-left: 90px;\">Miguel \u00c1ngel Ruiz Sobrino<\/p>\n<ul>\n<li>\n<h4>Tesorero:<\/h4>\n<\/li>\n<\/ul>\n<p style=\"padding-left: 90px;\">Antonio de Toro Gil<\/p>\n<ul>\n<li>\n<h4>Secretario:<\/h4>\n<\/li>\n<\/ul>\n<p style=\"padding-left: 90px;\">Jos\u00e9 Ram\u00f3n Ram\u00edrez D\u00edaz<\/p>\n<ul>\n<li>\n<h4>Vocales:<\/h4>\n<\/li>\n<\/ul>\n<p style=\"padding-left: 90px;\"><strong><\/strong>Antonio Ruiz Sobrino<\/p>\n<p style=\"padding-left: 90px;\">Juli\u00e1n \u00c1ngel Aranda Gonz\u00e1lez<\/p>\n","protected":false},"excerpt":{"rendered":"<p>La Junta Directiva es el \u00f3rgano de representaci\u00f3n de la Asociaci\u00f3n Cultural y Deportiva Jeyma. Est\u00e1 compuesta por un Presidente, un Vicepresidente, un Secretario, un Tesorero y dos vocales. Entre otras competencias, la Junta Directiva se encarga de dirigir las actividades sociales y llevar la gesti\u00f3n econ\u00f3mica y administrativa de la Asociaci\u00f3n, ejecutar los acuerdos &hellip; <\/p>\n<p><a class=\"more-link btn\" href=\"https:\/\/acdjeyma.es\/?page_id=72\">Seguir leyendo<\/a><\/p>\n","protected":false},"author":1,"featured_media":0,"parent":1445,"menu_order":5,"comment_status":"open","ping_status":"open","template":"","meta":{"jetpack_post_was_ever_published":false,"footnotes":""},"class_list":["post-72","page","type-page","status-publish","hentry","nodate","item-wrap"],"jetpack_shortlink":"https:\/\/wp.me\/P3uf9Z-1a","jetpack_sharing_enabled":true,"jetpack-related-posts":[{"id":70,"url":"https:\/\/acdjeyma.es\/?page_id=70","url_meta":{"origin":72,"position":0},"title":"Estatutos","author":"jeyma","date":"10 &#100;&#101; marzo &#100;&#101; 2011","format":false,"excerpt":"La Asociaci\u00f3n Cultural y Deportiva Jeyma se rige por unos estatutos redactados, en su versi\u00f3n actual, en julio de 2011. Fueron aprobados en la asamblea constituyente de la ACD Jeyma y son de obligada observancia por todos los socios y miembros de la Asociaci\u00f3n, sea cual sea el cargo o\u2026","rel":"","context":"Entrada similar","block_context":{"text":"Entrada similar","link":""},"img":{"alt_text":"pdf","src":"\/images\/icons\/pdf.gif","width":350,"height":200},"classes":[]},{"id":1445,"url":"https:\/\/acdjeyma.es\/?page_id=1445","url_meta":{"origin":72,"position":1},"title":"Sobre la ACD Jeyma","author":"jeyma","date":"7 &#100;&#101; marzo &#100;&#101; 2011","format":false,"excerpt":"Bienvenidos a la web oficial de la Asociaci\u00f3n Cultural y Deportiva Jeyma. Este espacio nace con el objetivo de dar a conocer las actividades y eventos que se organicen desde la ACD Jeyma, informar acerca de noticias de actualidad\u00a0 y ofrecer las diferentes v\u00edas de colaboraci\u00f3n con esta Asociaci\u00f3n. Esperamos\u2026","rel":"","context":"Entrada similar","block_context":{"text":"Entrada similar","link":""},"img":{"alt_text":"","src":"","width":0,"height":0},"classes":[]},{"id":226,"url":"https:\/\/acdjeyma.es\/?page_id=226","url_meta":{"origin":72,"position":2},"title":"Hazte socio","author":"jeyma","date":"10 &#100;&#101; abril &#100;&#101; 2011","format":false,"excerpt":"Si compartes las inquietudes y fines de la Asociaci\u00f3n Cultural y Deportiva Jeyma y quieres colaborar en nuestros proyectos para la consecuci\u00f3n de dichos fines, puedes considerar la opci\u00f3n de hacerte socio. Como socio de la ACD Jeyma podr\u00e1s asistir a las asambleas, con voz y voto, as\u00ed como participar\u2026","rel":"","context":"Entrada similar","block_context":{"text":"Entrada similar","link":""},"img":{"alt_text":"","src":"","width":0,"height":0},"classes":[]},{"id":279,"url":"https:\/\/acdjeyma.es\/?page_id=279","url_meta":{"origin":72,"position":3},"title":"Boletines informativos","author":"jeyma","date":"8 &#100;&#101; mayo &#100;&#101; 2011","format":false,"excerpt":"La Asociaci\u00f3n Cultural y Deportiva Jeyma, para hacer llegar sus actividades tanto a sus asociados como a quien est\u00e9 interesado en ellas, publica de forma m\u00e1s o menos regular una edici\u00f3n impresa de boletines informativos. En esta secci\u00f3n puedes consultar todos los boletines informativos editados por la Asociaci\u00f3n Cultural y\u2026","rel":"","context":"Con 3 comentarios","block_context":{"text":"Con 3 comentarios","link":"https:\/\/acdjeyma.es\/?page_id=279#comments"},"img":{"alt_text":"pdf","src":"\/images\/icons\/pdf.gif","width":350,"height":200},"classes":[]},{"id":67,"url":"https:\/\/acdjeyma.es\/?page_id=67","url_meta":{"origin":72,"position":4},"title":"Contacta con nosotros","author":"jeyma","date":"10 &#100;&#101; marzo &#100;&#101; 2011","format":false,"excerpt":"Si quieres contactar con la Asociaci\u00f3n Cultural y Deportiva Jeyma para aportar cualquier sugerencia, ofrecernos alg\u00fan proyecto o actividad de car\u00e1cter solidario, cultural o deportivo que quieras llevar a cabo, o si hay algo en la web que no funciona correctamente (alg\u00fan enlace roto, por ejemplo) por favor, no dudes\u2026","rel":"","context":"Entrada similar","block_context":{"text":"Entrada similar","link":""},"img":{"alt_text":"","src":"","width":0,"height":0},"classes":[]},{"id":693,"url":"https:\/\/acdjeyma.es\/?page_id=693","url_meta":{"origin":72,"position":5},"title":"Suscripci\u00f3n por e-mail","author":"jeyma","date":"21 &#100;&#101; agosto &#100;&#101; 2011","format":false,"excerpt":"Ahora puedes adelantarte a la publicaci\u00f3n en papel de los boletines informativos de la Asociaci\u00f3n Cultural y Deportiva Jeyma y recibir peri\u00f3dicamente en tu cuenta de correo electr\u00f3nico y de forma totalmente gratuita la versi\u00f3n digital de los boletines editados. Rellenando el formulario que se adjunta bajo estas l\u00edneas pasar\u00e1s\u2026","rel":"","context":"Entrada similar","block_context":{"text":"Entrada similar","link":""},"img":{"alt_text":"","src":"","width":0,"height":0},"classes":[]}],"_links":{"self":[{"href":"https:\/\/acdjeyma.es\/index.php?rest_route=\/wp\/v2\/pages\/72","targetHints":{"allow":["GET"]}}],"collection":[{"href":"https:\/\/acdjeyma.es\/index.php?rest_route=\/wp\/v2\/pages"}],"about":[{"href":"https:\/\/acdjeyma.es\/index.php?rest_route=\/wp\/v2\/types\/page"}],"author":[{"embeddable":true,"href":"https:\/\/acdjeyma.es\/index.php?rest_route=\/wp\/v2\/users\/1"}],"replies":[{"embeddable":true,"href":"https:\/\/acdjeyma.es\/index.php?rest_route=%2Fwp%2Fv2%2Fcomments&post=72"}],"version-history":[{"count":0,"href":"https:\/\/acdjeyma.es\/index.php?rest_route=\/wp\/v2\/pages\/72\/revisions"}],"up":[{"embeddable":true,"href":"https:\/\/acdjeyma.es\/index.php?rest_route=\/wp\/v2\/pages\/1445"}],"wp:attachment":[{"href":"https:\/\/acdjeyma.es\/index.php?rest_route=%2Fwp%2Fv2%2Fmedia&parent=72"}],"curies":[{"name":"wp","href":"https:\/\/api.w.org\/{rel}","templated":true}]}}