{"id":70,"date":"2011-03-10T01:23:13","date_gmt":"2011-03-10T00:23:13","guid":{"rendered":"http:\/\/asociacion.sportteamjeyma.hostei.com\/?page_id=70"},"modified":"2013-10-11T18:04:06","modified_gmt":"2013-10-11T16:04:06","slug":"estatutos","status":"publish","type":"page","link":"https:\/\/acdjeyma.es\/?page_id=70","title":{"rendered":"Estatutos"},"content":{"rendered":"<p style=\"text-align: justify;\">La Asociaci\u00f3n Cultural y Deportiva Jeyma se rige por unos estatutos redactados, en su versi\u00f3n actual, en julio de 2011. Fueron aprobados en la asamblea constituyente de la ACD Jeyma y son de obligada observancia por todos los socios y miembros de la Asociaci\u00f3n, sea cual sea el cargo o funci\u00f3n que desempe\u00f1en dentro de la misma.<\/p>\n<p style=\"text-align: justify;\">Las funciones fundamentales de los estatutos son:<\/p>\n<ul>\n<li>\n<p style=\"text-align: justify;\">Regular el funcionamiento de la entidad frente a terceros (recoge las normas para la toma de decisiones, elecci\u00f3n de cargos y representantes, etc.).<\/p>\n<\/li>\n<li>\n<p style=\"text-align: justify;\">Regular los derechos y obligaciones de los miembros asociados y las relaciones entre estos.<\/p>\n<\/li>\n<\/ul>\n<p><img decoding=\"async\" class=\"wp-caption aligncenter\" style=\"border: 0px;\" title=\"Estatutos de la ACD Jeyma\" src=\"images\/estatutos.jpg\" alt=\"Estatutos de la ACD Jeyma\" align=\"middle\" \/><\/p>\n<p style=\"text-align: justify;\">De los 7 cap\u00edtulos (m\u00e1s uno preliminar) y 24 art\u00edculos de los que constan, recogemos a continuaci\u00f3n un extracto:<\/p>\n<h3 style=\"text-align: justify;\"><strong>Constituci\u00f3n<\/strong><\/h3>\n<blockquote>\n<p style=\"text-align: justify;\"><em>De conformidad con el art\u00edculo 22 de la Constituci\u00f3n Espa\u00f1ola, se constituye, con sede en la calle Cristo n\u00fam. 94 de la localidad de Bola\u00f1os de Calatrava (Ciudad Real) y con denominaci\u00f3n de ASOCIACI\u00d3N CULTURAL Y DEPORTIVA JEYMA, esta Asociaci\u00f3n sin \u00e1nimo de lucro, que tendr\u00e1, con arreglo a las leyes, capacidad jur\u00eddica propia.<\/em><\/p>\n<p style=\"text-align: justify;\"><em>El r\u00e9gimen de la Asociaci\u00f3n se determinar\u00e1 por los siguientes Estatutos y los acuerdos v\u00e1lidamente adoptados por su Asamblea General y \u00f3rganos directivos, dentro de la esfera de su respectiva competencia. En lo no previsto se estar\u00e1 a lo establecido en la Ley Org\u00e1nica 1\/2002, de 22 de marzo (B.O.E. n\u00fam. 73, de 26 de marzo).<\/em><\/p>\n<p style=\"text-align: right;\">Art\u00edculo 1\u00ba<br \/>\nCap\u00edtulo Preliminar<\/p>\n<\/blockquote>\n<h3 style=\"text-align: justify;\"><strong>Fines y actividades<\/strong><\/h3>\n<blockquote><p><em>Son fines de esta Asociaci\u00f3n:<\/em><\/p>\n<ol style=\"list-style-type: upper-roman;\">\n<li><em>Realizaci\u00f3n de actividades relacionadas con la cultura y con el deporte.<\/em><\/li>\n<li><em>Realizaci\u00f3n de actividades de ayuda a personas y colectivos necesitados.<\/em><\/li>\n<\/ol>\n<p><em>Para la consecuci\u00f3n de dichos fines se realizar\u00e1n las siguientes actividades:<\/em><\/p>\n<ul>\n<li style=\"text-align: justify;\"><em>Desarrollo de charlas sobre temas culturales, promoci\u00f3n de la lectura, cine-forum para personas de diferentes edades (ni\u00f1os, adolescentes, personas mayores), cursos de aprendizaje en diversas materias (lectura, estudio, ajedrez, etc.), actividades relacionadas con el deporte como partidos de f\u00fatbol-sala, carrera popular por el barrio conocido como de Santa Mar\u00eda, donde tendr\u00e1 su sede la Asociaci\u00f3n.<\/em><\/li>\n<li style=\"text-align: justify;\"><em>La Asociaci\u00f3n tambi\u00e9n tendr\u00e1 un fin social de ayuda a personas que tengan alg\u00fan tipo de necesidad, especialmente material, por lo que, en la medida de lo posible y de los recursos con los que cuente, se tratar\u00e1 de ayudar a las mismas. As\u00ed las cosas, se podr\u00e1 promocionar actividades tendentes a la ayuda al tercer mundo (apadrinaje, ayuda a actividades asistenciales: construcciones de dispensarios m\u00e9dicos, pozos, etc.), ayudar a otras asociaciones de la localidad, especialmente a las dedicadas a la ayuda a discapacitados, o a entidades como C\u00e1ritas.<\/em><\/li>\n<\/ul>\n<p style=\"text-align: right;\">Art\u00edculo 2\u00ba<br \/>\nCap\u00edtulo Primero<\/p>\n<\/blockquote>\n<h3 style=\"text-align: justify;\"><strong>\u00d3rganos directivos<\/strong><\/h3>\n<blockquote>\n<p style=\"text-align: justify;\"><em>Los \u00f3rganos directivos y de administraci\u00f3n de la Asociaci\u00f3n son:<\/em><\/p>\n<ol>\n<li style=\"text-align: justify;\"><em>La Asamblea General: \u00f3rgano supremo de la Asociaci\u00f3n, integrada por todos los asociados. Sus reuniones pueden ser Ordinarias o Extraordinarias. Son competencia de la Asamblea General:<\/em>\n<ul>\n<li><em>Aprobar, en su caso, la gesti\u00f3n de la Junta Directiva.<\/em><\/li>\n<li><em>Examinar y aprobar las Cuentas Anuales.<\/em><\/li>\n<li><em>Aprobar o rechazar las propuestas de la Junta Directiva en orden a las actividades de la Asociaci\u00f3n.<\/em><\/li>\n<li><em>Fijar las cuotas ordinarias o extraordinarias.<\/em><\/li>\n<li><em>Nombramiento de los miembros de la Junta Directiva.<\/em><\/li>\n<li><em>Modificaci\u00f3n de los Estatutos.<\/em><\/li>\n<li><em>Expulsi\u00f3n de los socios, a propuesta de la Junta Directiva.<\/em><\/li>\n<\/ul>\n<\/li>\n<li style=\"text-align: justify;\"><em>La Junta Directiva: \u00f3rgano de representaci\u00f3n, formada por un Presidente, un Vicepresidente, un Secretario, un Tesorero y dos vocales. Ser\u00e1n competencia de la Junta Directiva:<\/em><\/li>\n<\/ol>\n<ul>\n<ul>\n<li style=\"text-align: justify;\"><em>Dirigir las actividades sociales y llevar la gesti\u00f3n econ\u00f3mica y administrativa de la Asociaci\u00f3n, acordando realizar los oportunos contratos y actos.<\/em><\/li>\n<li style=\"text-align: justify;\"><em>Ejecutar los acuerdos de la Asamblea General.<\/em><\/li>\n<li style=\"text-align: justify;\"><em>Formular y someter a la aprobaci\u00f3n de la Asamblea General los Balances y las Cuentas Anuales.<\/em><\/li>\n<li><em>Resolver sobre la admisi\u00f3n de nuevos asociados.<\/em><\/li>\n<li><em>Nombrar delegados para alguna determinada actividad de la Asociaci\u00f3n.<\/em><\/li>\n<\/ul>\n<\/ul>\n<p style=\"text-align: right;\">Art\u00edculos 5\u00ba, 6\u00ba y 7\u00ba<br \/>\nCap\u00edtulo Cuarto<\/p>\n<\/blockquote>\n<h3><strong>De los socios, derechos y deberes<\/strong><\/h3>\n<blockquote>\n<ul>\n<li><em>Ser\u00e1n socios de la Asociaci\u00f3n las personas, mayores de edad, que lo soliciten a la Junta Directiva y se entender\u00e1n admitidos sin acuerdo especial desde el d\u00eda primero de cada mes los que hayan solicitado en cualquiera de los d\u00edas del mes precedente, estando obligados, al causar alta, al abono de las cuotas ordinarias establecidas.<\/em><\/li>\n<li style=\"text-align: justify;\"><em>\u00danicamente los socios podr\u00e1n asistir a las asambleas que se convoquen, con voz y voto.<\/em><\/li>\n<li style=\"text-align: justify;\"><em>La condici\u00f3n de socio de la Asociaci\u00f3n implicar\u00e1 la aceptaci\u00f3n y la obligatoria observancia de estos Estatutos y de cuantos acuerdos, en materia de gobierno, administraci\u00f3n o actividades adopten sus \u00f3rganos rectores.<\/em><\/li>\n<li style=\"text-align: justify;\"><em>Por acuerdo de la Asamblea General podr\u00e1n organizarse en la Asociaci\u00f3n aquellas secciones que se estimen convenientes para el mejor cumplimiento de los fines de la misma.<\/em><\/li>\n<\/ul>\n<p style=\"text-align: right;\">Art\u00edculo 15\u00ba<br \/>\nCap\u00edtulo Quinto<\/p>\n<\/blockquote>\n<p style=\"text-align: justify;\">\n<blockquote>\n<p style=\"text-align: justify;\"><em>Ser\u00e1n derechos de los socios:<\/em><\/p>\n<ul>\n<li style=\"text-align: justify;\"><em>Participar en las actividades de la Asociaci\u00f3n y en los \u00f3rganos de gobierno y representaci\u00f3n; a ejercer el derecho de voto, as\u00ed como asistir a la Asamblea General, de acuerdo con los Estatutos.<\/em><\/li>\n<li style=\"text-align: justify;\"><em>A ser informado acerca de la composici\u00f3n de los \u00f3rganos de gobierno y representaci\u00f3n de la Asociaci\u00f3n, de su estado de cuentas y del desarrollo de su actividad.<\/em><\/li>\n<li style=\"text-align: justify;\"><em>A ser o\u00eddo con car\u00e1cter previo a la adopci\u00f3n de medidas disciplinarias contra \u00e9l y a ser informado de los hechos que den lugar a tales medidas, debiendo ser motivado el acuerdo que, en su caso, imponga la sanci\u00f3n.<\/em><\/li>\n<li style=\"text-align: justify;\"><em>A impugnar los acuerdos de los \u00f3rganos de la Asociaci\u00f3n que estime contrarios a la Ley o a los Estatutos.<\/em><\/li>\n<\/ul>\n<p style=\"text-align: right;\">Art\u00edculo 16\u00ba<br \/>\nCap\u00edtulo Quinto<\/p>\n<\/blockquote>\n<p style=\"text-align: justify;\">\n<blockquote>\n<p style=\"text-align: justify;\"><em>Son deberes de los socios:<\/em><\/p>\n<ul style=\"text-align: justify;\">\n<li><em>Compartir las finalidades de la Asociaci\u00f3n y colaborar para la consecuci\u00f3n de las mismas.<\/em><\/li>\n<li><em>Pagar las cuotas, derramas y otras aportaciones que, con arreglo a los Estatutos, puedan corresponder a cada socio.<\/em><\/li>\n<li><em>Cumplir el resto de obligaciones que resulten de las disposiciones estatutarias.<\/em><\/li>\n<li><em>Acatar y cumplir los acuerdos v\u00e1lidamente adoptados por los \u00f3rganos de gobierno y representaci\u00f3n de la Asociaci\u00f3n.<\/em><\/li>\n<\/ul>\n<p style=\"text-align: justify;\"><em>El reiterado incumplimiento de los deberes de socio dar\u00e1 lugar a que la Junta Directiva considere la necesidad de baja temporal. En todo caso, dicha acci\u00f3n ser\u00e1 puesta en conocimiento de la Asamblea General qui\u00e9n, en definitiva, tomar\u00e1 el acuerdo que considere oportuno, previa audiencia del socio afectado.<\/em><\/p>\n<p style=\"text-align: right;\">Art\u00edculos 17\u00ba y 18\u00ba<br \/>\nCap\u00edtulo Quinto<\/p>\n<\/blockquote>\n<p style=\"text-align: justify;\">\n<p style=\"text-align: justify;\">En el siguiente enlace se puede consultar el texto completo de los estatutos de la ACD Jeyma:<\/p>\n<p style=\"text-align: justify; padding-left: 30px;\"><a title=\"Estatutos de la Asociaci\u00f3n Cultural y Deportiva Jeyma\" href=\"\/documents\/estatutos.pdf\" target=\"_blank\"><img loading=\"lazy\" decoding=\"async\" style=\"border: 0pt none; vertical-align: middle;\" title=\"pdf\" src=\"\/images\/icons\/pdf.gif\" alt=\"pdf\" width=\"16\" height=\"16\" \/> Estatutos de la Asociaci\u00f3n Cultural y Deportiva Jeyma<\/a><\/p>\n","protected":false},"excerpt":{"rendered":"<p>La Asociaci\u00f3n Cultural y Deportiva Jeyma se rige por unos estatutos redactados, en su versi\u00f3n actual, en julio de 2011. Fueron aprobados en la asamblea constituyente de la ACD Jeyma y son de obligada observancia por todos los socios y miembros de la Asociaci\u00f3n, sea cual sea el cargo o funci\u00f3n que desempe\u00f1en dentro de &hellip; <\/p>\n<p><a class=\"more-link btn\" href=\"https:\/\/acdjeyma.es\/?page_id=70\">Seguir leyendo<\/a><\/p>\n","protected":false},"author":1,"featured_media":0,"parent":1445,"menu_order":4,"comment_status":"open","ping_status":"open","template":"","meta":{"jetpack_post_was_ever_published":false,"footnotes":""},"class_list":["post-70","page","type-page","status-publish","hentry","nodate","item-wrap"],"jetpack_shortlink":"https:\/\/wp.me\/P3uf9Z-18","jetpack_sharing_enabled":true,"jetpack-related-posts":[{"id":226,"url":"https:\/\/acdjeyma.es\/?page_id=226","url_meta":{"origin":70,"position":0},"title":"Hazte socio","author":"jeyma","date":"10 &#100;&#101; abril &#100;&#101; 2011","format":false,"excerpt":"Si compartes las inquietudes y fines de la Asociaci\u00f3n Cultural y Deportiva Jeyma y quieres colaborar en nuestros proyectos para la consecuci\u00f3n de dichos fines, puedes considerar la opci\u00f3n de hacerte socio. Como socio de la ACD Jeyma podr\u00e1s asistir a las asambleas, con voz y voto, as\u00ed como participar\u2026","rel":"","context":"Entrada similar","block_context":{"text":"Entrada similar","link":""},"img":{"alt_text":"","src":"","width":0,"height":0},"classes":[]},{"id":229,"url":"https:\/\/acdjeyma.es\/?page_id=229","url_meta":{"origin":70,"position":1},"title":"Actividades","author":"jeyma","date":"10 &#100;&#101; abril &#100;&#101; 2011","format":false,"excerpt":"Para la consecuci\u00f3n de los fines culturales, deportivos y solidarios que tiene por objeto la Asociaci\u00f3n Cultural y Deportiva Jeyma, se pretende organizar una serie de actividades y eventos a lo largo del a\u00f1o que satisfagan aquellas inquietudes de la sociedad bola\u00f1ega que no est\u00e9n contempladas ni ofertadas por otros\u2026","rel":"","context":"Con 4 comentarios","block_context":{"text":"Con 4 comentarios","link":"https:\/\/acdjeyma.es\/?page_id=229#comments"},"img":{"alt_text":"","src":"","width":0,"height":0},"classes":[]},{"id":279,"url":"https:\/\/acdjeyma.es\/?page_id=279","url_meta":{"origin":70,"position":2},"title":"Boletines informativos","author":"jeyma","date":"8 &#100;&#101; mayo &#100;&#101; 2011","format":false,"excerpt":"La Asociaci\u00f3n Cultural y Deportiva Jeyma, para hacer llegar sus actividades tanto a sus asociados como a quien est\u00e9 interesado en ellas, publica de forma m\u00e1s o menos regular una edici\u00f3n impresa de boletines informativos. En esta secci\u00f3n puedes consultar todos los boletines informativos editados por la Asociaci\u00f3n Cultural y\u2026","rel":"","context":"Con 3 comentarios","block_context":{"text":"Con 3 comentarios","link":"https:\/\/acdjeyma.es\/?page_id=279#comments"},"img":{"alt_text":"pdf","src":"\/images\/icons\/pdf.gif","width":350,"height":200},"classes":[]},{"id":1445,"url":"https:\/\/acdjeyma.es\/?page_id=1445","url_meta":{"origin":70,"position":3},"title":"Sobre la ACD Jeyma","author":"jeyma","date":"7 &#100;&#101; marzo &#100;&#101; 2011","format":false,"excerpt":"Bienvenidos a la web oficial de la Asociaci\u00f3n Cultural y Deportiva Jeyma. Este espacio nace con el objetivo de dar a conocer las actividades y eventos que se organicen desde la ACD Jeyma, informar acerca de noticias de actualidad\u00a0 y ofrecer las diferentes v\u00edas de colaboraci\u00f3n con esta Asociaci\u00f3n. Esperamos\u2026","rel":"","context":"Entrada similar","block_context":{"text":"Entrada similar","link":""},"img":{"alt_text":"","src":"","width":0,"height":0},"classes":[]},{"id":67,"url":"https:\/\/acdjeyma.es\/?page_id=67","url_meta":{"origin":70,"position":4},"title":"Contacta con nosotros","author":"jeyma","date":"10 &#100;&#101; marzo &#100;&#101; 2011","format":false,"excerpt":"Si quieres contactar con la Asociaci\u00f3n Cultural y Deportiva Jeyma para aportar cualquier sugerencia, ofrecernos alg\u00fan proyecto o actividad de car\u00e1cter solidario, cultural o deportivo que quieras llevar a cabo, o si hay algo en la web que no funciona correctamente (alg\u00fan enlace roto, por ejemplo) por favor, no dudes\u2026","rel":"","context":"Entrada similar","block_context":{"text":"Entrada similar","link":""},"img":{"alt_text":"","src":"","width":0,"height":0},"classes":[]},{"id":72,"url":"https:\/\/acdjeyma.es\/?page_id=72","url_meta":{"origin":70,"position":5},"title":"Junta Directiva","author":"jeyma","date":"10 &#100;&#101; marzo &#100;&#101; 2011","format":false,"excerpt":"La Junta Directiva es el \u00f3rgano de representaci\u00f3n de la Asociaci\u00f3n Cultural y Deportiva Jeyma. Est\u00e1 compuesta por un Presidente, un Vicepresidente, un Secretario, un Tesorero y dos vocales. Entre otras competencias, la Junta Directiva se encarga de dirigir las actividades sociales y llevar la gesti\u00f3n econ\u00f3mica y administrativa de\u2026","rel":"","context":"Entrada similar","block_context":{"text":"Entrada similar","link":""},"img":{"alt_text":"","src":"","width":0,"height":0},"classes":[]}],"_links":{"self":[{"href":"https:\/\/acdjeyma.es\/index.php?rest_route=\/wp\/v2\/pages\/70","targetHints":{"allow":["GET"]}}],"collection":[{"href":"https:\/\/acdjeyma.es\/index.php?rest_route=\/wp\/v2\/pages"}],"about":[{"href":"https:\/\/acdjeyma.es\/index.php?rest_route=\/wp\/v2\/types\/page"}],"author":[{"embeddable":true,"href":"https:\/\/acdjeyma.es\/index.php?rest_route=\/wp\/v2\/users\/1"}],"replies":[{"embeddable":true,"href":"https:\/\/acdjeyma.es\/index.php?rest_route=%2Fwp%2Fv2%2Fcomments&post=70"}],"version-history":[{"count":1,"href":"https:\/\/acdjeyma.es\/index.php?rest_route=\/wp\/v2\/pages\/70\/revisions"}],"predecessor-version":[{"id":2959,"href":"https:\/\/acdjeyma.es\/index.php?rest_route=\/wp\/v2\/pages\/70\/revisions\/2959"}],"up":[{"embeddable":true,"href":"https:\/\/acdjeyma.es\/index.php?rest_route=\/wp\/v2\/pages\/1445"}],"wp:attachment":[{"href":"https:\/\/acdjeyma.es\/index.php?rest_route=%2Fwp%2Fv2%2Fmedia&parent=70"}],"curies":[{"name":"wp","href":"https:\/\/api.w.org\/{rel}","templated":true}]}}