{"id":693,"date":"2011-08-21T14:50:07","date_gmt":"2011-08-21T13:50:07","guid":{"rendered":"http:\/\/asociacion.sportteamjeyma.hostei.com\/?page_id=693"},"modified":"2013-10-11T18:00:59","modified_gmt":"2013-10-11T16:00:59","slug":"suscripcion-por-e-mail","status":"publish","type":"page","link":"https:\/\/acdjeyma.es\/?page_id=693","title":{"rendered":"Suscripci\u00f3n por e-mail"},"content":{"rendered":"<p style=\"text-align: justify;\">Ahora puedes adelantarte a la publicaci\u00f3n en papel de los boletines informativos de la Asociaci\u00f3n Cultural y Deportiva Jeyma y recibir peri\u00f3dicamente en tu cuenta de correo electr\u00f3nico y de forma totalmente gratuita la versi\u00f3n digital de los boletines editados.<\/p>\n<p><img decoding=\"async\" class=\"wp-caption aligncenter\" style=\"border: 0px;\" title=\"Suscripci\u00f3n por e-mail a Boletines informativos\" src=\"images\/suscripcion.jpg\" alt=\"Suscripci\u00f3n por e-mail a Boletines informativos\" align=\"middle\" \/><\/p>\n<p style=\"text-align: justify;\">Rellenando el formulario que se adjunta bajo estas l\u00edneas pasar\u00e1s a formar parte de la lista de contactos de la ACD Jeyma, con la finalidad de recibir por correo electr\u00f3nico los boletines informativos editados, en formato pdf, y todas las noticias sobre actividades y eventos que organice la Asociaci\u00f3n. As\u00ed, estar\u00e1s puntualmente informado de toda la actualidad de nuestra Asociaci\u00f3n y de las actividades programadas con la antelaci\u00f3n suficiente para que puedas participar en las que sean de tu inter\u00e9s.<\/p>\n<p style=\"text-align: justify;\">En cualquier momento podr\u00e1s ejercer tus derechos de acceso, rectificaci\u00f3n y cancelaci\u00f3n de tus datos mediante la direcci\u00f3n de correo <a href=\"mailto:info@acdjeyma.es\">info@acdjeyma.es<\/a>.<\/p>\n","protected":false},"excerpt":{"rendered":"<p>Ahora puedes adelantarte a la publicaci\u00f3n en papel de los boletines informativos de la Asociaci\u00f3n Cultural y Deportiva Jeyma y recibir peri\u00f3dicamente en tu cuenta de correo electr\u00f3nico y de forma totalmente gratuita la versi\u00f3n digital de los boletines editados. Rellenando el formulario que se adjunta bajo estas l\u00edneas pasar\u00e1s a formar parte de la &hellip; <\/p>\n<p><a class=\"more-link btn\" href=\"https:\/\/acdjeyma.es\/?page_id=693\">Seguir leyendo<\/a><\/p>\n","protected":false},"author":1,"featured_media":0,"parent":279,"menu_order":0,"comment_status":"open","ping_status":"open","template":"","meta":{"jetpack_post_was_ever_published":false,"footnotes":""},"class_list":["post-693","page","type-page","status-publish","hentry","nodate","item-wrap"],"jetpack_shortlink":"https:\/\/wp.me\/P3uf9Z-bb","jetpack_sharing_enabled":true,"jetpack-related-posts":[{"id":279,"url":"https:\/\/acdjeyma.es\/?page_id=279","url_meta":{"origin":693,"position":0},"title":"Boletines informativos","author":"jeyma","date":"8 &#100;&#101; mayo &#100;&#101; 2011","format":false,"excerpt":"La Asociaci\u00f3n Cultural y Deportiva Jeyma, para hacer llegar sus actividades tanto a sus asociados como a quien est\u00e9 interesado en ellas, publica de forma m\u00e1s o menos regular una edici\u00f3n impresa de boletines informativos. En esta secci\u00f3n puedes consultar todos los boletines informativos editados por la Asociaci\u00f3n Cultural y\u2026","rel":"","context":"Con 3 comentarios","block_context":{"text":"Con 3 comentarios","link":"https:\/\/acdjeyma.es\/?page_id=279#comments"},"img":{"alt_text":"pdf","src":"\/images\/icons\/pdf.gif","width":350,"height":200},"classes":[]},{"id":226,"url":"https:\/\/acdjeyma.es\/?page_id=226","url_meta":{"origin":693,"position":1},"title":"Hazte socio","author":"jeyma","date":"10 &#100;&#101; abril &#100;&#101; 2011","format":false,"excerpt":"Si compartes las inquietudes y fines de la Asociaci\u00f3n Cultural y Deportiva Jeyma y quieres colaborar en nuestros proyectos para la consecuci\u00f3n de dichos fines, puedes considerar la opci\u00f3n de hacerte socio. Como socio de la ACD Jeyma podr\u00e1s asistir a las asambleas, con voz y voto, as\u00ed como participar\u2026","rel":"","context":"Entrada similar","block_context":{"text":"Entrada similar","link":""},"img":{"alt_text":"","src":"","width":0,"height":0},"classes":[]},{"id":229,"url":"https:\/\/acdjeyma.es\/?page_id=229","url_meta":{"origin":693,"position":2},"title":"Actividades","author":"jeyma","date":"10 &#100;&#101; abril &#100;&#101; 2011","format":false,"excerpt":"Para la consecuci\u00f3n de los fines culturales, deportivos y solidarios que tiene por objeto la Asociaci\u00f3n Cultural y Deportiva Jeyma, se pretende organizar una serie de actividades y eventos a lo largo del a\u00f1o que satisfagan aquellas inquietudes de la sociedad bola\u00f1ega que no est\u00e9n contempladas ni ofertadas por otros\u2026","rel":"","context":"Con 4 comentarios","block_context":{"text":"Con 4 comentarios","link":"https:\/\/acdjeyma.es\/?page_id=229#comments"},"img":{"alt_text":"","src":"","width":0,"height":0},"classes":[]},{"id":1445,"url":"https:\/\/acdjeyma.es\/?page_id=1445","url_meta":{"origin":693,"position":3},"title":"Sobre la ACD Jeyma","author":"jeyma","date":"7 &#100;&#101; marzo &#100;&#101; 2011","format":false,"excerpt":"Bienvenidos a la web oficial de la Asociaci\u00f3n Cultural y Deportiva Jeyma. Este espacio nace con el objetivo de dar a conocer las actividades y eventos que se organicen desde la ACD Jeyma, informar acerca de noticias de actualidad\u00a0 y ofrecer las diferentes v\u00edas de colaboraci\u00f3n con esta Asociaci\u00f3n. Esperamos\u2026","rel":"","context":"Entrada similar","block_context":{"text":"Entrada similar","link":""},"img":{"alt_text":"","src":"","width":0,"height":0},"classes":[]},{"id":67,"url":"https:\/\/acdjeyma.es\/?page_id=67","url_meta":{"origin":693,"position":4},"title":"Contacta con nosotros","author":"jeyma","date":"10 &#100;&#101; marzo &#100;&#101; 2011","format":false,"excerpt":"Si quieres contactar con la Asociaci\u00f3n Cultural y Deportiva Jeyma para aportar cualquier sugerencia, ofrecernos alg\u00fan proyecto o actividad de car\u00e1cter solidario, cultural o deportivo que quieras llevar a cabo, o si hay algo en la web que no funciona correctamente (alg\u00fan enlace roto, por ejemplo) por favor, no dudes\u2026","rel":"","context":"Entrada similar","block_context":{"text":"Entrada similar","link":""},"img":{"alt_text":"","src":"","width":0,"height":0},"classes":[]},{"id":70,"url":"https:\/\/acdjeyma.es\/?page_id=70","url_meta":{"origin":693,"position":5},"title":"Estatutos","author":"jeyma","date":"10 &#100;&#101; marzo &#100;&#101; 2011","format":false,"excerpt":"La Asociaci\u00f3n Cultural y Deportiva Jeyma se rige por unos estatutos redactados, en su versi\u00f3n actual, en julio de 2011. Fueron aprobados en la asamblea constituyente de la ACD Jeyma y son de obligada observancia por todos los socios y miembros de la Asociaci\u00f3n, sea cual sea el cargo o\u2026","rel":"","context":"Entrada similar","block_context":{"text":"Entrada similar","link":""},"img":{"alt_text":"pdf","src":"\/images\/icons\/pdf.gif","width":350,"height":200},"classes":[]}],"_links":{"self":[{"href":"https:\/\/acdjeyma.es\/index.php?rest_route=\/wp\/v2\/pages\/693","targetHints":{"allow":["GET"]}}],"collection":[{"href":"https:\/\/acdjeyma.es\/index.php?rest_route=\/wp\/v2\/pages"}],"about":[{"href":"https:\/\/acdjeyma.es\/index.php?rest_route=\/wp\/v2\/types\/page"}],"author":[{"embeddable":true,"href":"https:\/\/acdjeyma.es\/index.php?rest_route=\/wp\/v2\/users\/1"}],"replies":[{"embeddable":true,"href":"https:\/\/acdjeyma.es\/index.php?rest_route=%2Fwp%2Fv2%2Fcomments&post=693"}],"version-history":[{"count":3,"href":"https:\/\/acdjeyma.es\/index.php?rest_route=\/wp\/v2\/pages\/693\/revisions"}],"predecessor-version":[{"id":2958,"href":"https:\/\/acdjeyma.es\/index.php?rest_route=\/wp\/v2\/pages\/693\/revisions\/2958"}],"up":[{"embeddable":true,"href":"https:\/\/acdjeyma.es\/index.php?rest_route=\/wp\/v2\/pages\/279"}],"wp:attachment":[{"href":"https:\/\/acdjeyma.es\/index.php?rest_route=%2Fwp%2Fv2%2Fmedia&parent=693"}],"curies":[{"name":"wp","href":"https:\/\/api.w.org\/{rel}","templated":true}]}}