{"id":67,"date":"2011-03-10T01:22:05","date_gmt":"2011-03-10T00:22:05","guid":{"rendered":"http:\/\/asociacion.sportteamjeyma.hostei.com\/?page_id=67"},"modified":"2013-10-11T18:09:30","modified_gmt":"2013-10-11T16:09:30","slug":"contacto","status":"publish","type":"page","link":"https:\/\/acdjeyma.es\/?page_id=67","title":{"rendered":"Contacta con nosotros"},"content":{"rendered":"<p style=\"text-align: justify;\">Si quieres contactar con la Asociaci\u00f3n Cultural y Deportiva Jeyma para aportar cualquier sugerencia, ofrecernos alg\u00fan proyecto o actividad de car\u00e1cter solidario, cultural o deportivo que quieras llevar a cabo, o si hay algo en la web que no funciona correctamente (alg\u00fan enlace roto, por ejemplo) por favor, no dudes en comunic\u00e1rnoslo. Para ello, puedes utilizar las siguientes v\u00edas de contacto:<img decoding=\"async\" style=\"border: 0pt;\" title=\"Sede de la ACD Jeyma\" src=\"images\/sede.jpg\" alt=\"Sede de la ACD Jeyma\" align=\"right\"><\/p>\n<ul>\n<li style=\"text-align: justify;\">Correo electr\u00f3nico:<\/li>\n<\/ul>\n<p style=\"text-align: justify; padding-left: 90px;\"><a title=\"Correo de la ACD Jeyma\" href=\"mailto:info@acdjeyma.es\">info@acdjeyma.es<\/a><\/p>\n<ul>\n<li>Correo ordinario:<\/li>\n<\/ul>\n<address style=\"text-align: justify; padding-left: 90px;\">Asociaci\u00f3n Cultural y Deportiva Jeyma<br \/>\nC\/ Cristo, n\u00ba 94<br \/>\nApartado de Correos 120<br \/>\n13260, Bola\u00f1os de Calatrava<br \/>\n(Ciudad Real)<\/address>\n<ul>\n<li style=\"text-align: justify;\">Tambi\u00e9n puedes contactar con nosotros de una manera m\u00e1s r\u00e1pida y sencilla rellenando el siguiente formulario:<\/li>\n<\/ul>\n","protected":false},"excerpt":{"rendered":"<p>Si quieres contactar con la Asociaci\u00f3n Cultural y Deportiva Jeyma para aportar cualquier sugerencia, ofrecernos alg\u00fan proyecto o actividad de car\u00e1cter solidario, cultural o deportivo que quieras llevar a cabo, o si hay algo en la web que no funciona correctamente (alg\u00fan enlace roto, por ejemplo) por favor, no dudes en comunic\u00e1rnoslo. Para ello, puedes &hellip; <\/p>\n<p><a class=\"more-link btn\" href=\"https:\/\/acdjeyma.es\/?page_id=67\">Seguir leyendo<\/a><\/p>\n","protected":false},"author":1,"featured_media":0,"parent":0,"menu_order":2,"comment_status":"open","ping_status":"open","template":"","meta":{"jetpack_post_was_ever_published":false,"footnotes":""},"class_list":["post-67","page","type-page","status-publish","hentry","nodate","item-wrap"],"jetpack_shortlink":"https:\/\/wp.me\/P3uf9Z-15","jetpack_sharing_enabled":true,"jetpack-related-posts":[{"id":226,"url":"https:\/\/acdjeyma.es\/?page_id=226","url_meta":{"origin":67,"position":0},"title":"Hazte socio","author":"jeyma","date":"10 &#100;&#101; abril &#100;&#101; 2011","format":false,"excerpt":"Si compartes las inquietudes y fines de la Asociaci\u00f3n Cultural y Deportiva Jeyma y quieres colaborar en nuestros proyectos para la consecuci\u00f3n de dichos fines, puedes considerar la opci\u00f3n de hacerte socio. Como socio de la ACD Jeyma podr\u00e1s asistir a las asambleas, con voz y voto, as\u00ed como participar\u2026","rel":"","context":"Entrada similar","block_context":{"text":"Entrada similar","link":""},"img":{"alt_text":"","src":"","width":0,"height":0},"classes":[]},{"id":279,"url":"https:\/\/acdjeyma.es\/?page_id=279","url_meta":{"origin":67,"position":1},"title":"Boletines informativos","author":"jeyma","date":"8 &#100;&#101; mayo &#100;&#101; 2011","format":false,"excerpt":"La Asociaci\u00f3n Cultural y Deportiva Jeyma, para hacer llegar sus actividades tanto a sus asociados como a quien est\u00e9 interesado en ellas, publica de forma m\u00e1s o menos regular una edici\u00f3n impresa de boletines informativos. En esta secci\u00f3n puedes consultar todos los boletines informativos editados por la Asociaci\u00f3n Cultural y\u2026","rel":"","context":"Con 3 comentarios","block_context":{"text":"Con 3 comentarios","link":"https:\/\/acdjeyma.es\/?page_id=279#comments"},"img":{"alt_text":"pdf","src":"\/images\/icons\/pdf.gif","width":350,"height":200},"classes":[]},{"id":229,"url":"https:\/\/acdjeyma.es\/?page_id=229","url_meta":{"origin":67,"position":2},"title":"Actividades","author":"jeyma","date":"10 &#100;&#101; abril &#100;&#101; 2011","format":false,"excerpt":"Para la consecuci\u00f3n de los fines culturales, deportivos y solidarios que tiene por objeto la Asociaci\u00f3n Cultural y Deportiva Jeyma, se pretende organizar una serie de actividades y eventos a lo largo del a\u00f1o que satisfagan aquellas inquietudes de la sociedad bola\u00f1ega que no est\u00e9n contempladas ni ofertadas por otros\u2026","rel":"","context":"Con 4 comentarios","block_context":{"text":"Con 4 comentarios","link":"https:\/\/acdjeyma.es\/?page_id=229#comments"},"img":{"alt_text":"","src":"","width":0,"height":0},"classes":[]},{"id":693,"url":"https:\/\/acdjeyma.es\/?page_id=693","url_meta":{"origin":67,"position":3},"title":"Suscripci\u00f3n por e-mail","author":"jeyma","date":"21 &#100;&#101; agosto &#100;&#101; 2011","format":false,"excerpt":"Ahora puedes adelantarte a la publicaci\u00f3n en papel de los boletines informativos de la Asociaci\u00f3n Cultural y Deportiva Jeyma y recibir peri\u00f3dicamente en tu cuenta de correo electr\u00f3nico y de forma totalmente gratuita la versi\u00f3n digital de los boletines editados. Rellenando el formulario que se adjunta bajo estas l\u00edneas pasar\u00e1s\u2026","rel":"","context":"Entrada similar","block_context":{"text":"Entrada similar","link":""},"img":{"alt_text":"","src":"","width":0,"height":0},"classes":[]},{"id":1445,"url":"https:\/\/acdjeyma.es\/?page_id=1445","url_meta":{"origin":67,"position":4},"title":"Sobre la ACD Jeyma","author":"jeyma","date":"7 &#100;&#101; marzo &#100;&#101; 2011","format":false,"excerpt":"Bienvenidos a la web oficial de la Asociaci\u00f3n Cultural y Deportiva Jeyma. Este espacio nace con el objetivo de dar a conocer las actividades y eventos que se organicen desde la ACD Jeyma, informar acerca de noticias de actualidad\u00a0 y ofrecer las diferentes v\u00edas de colaboraci\u00f3n con esta Asociaci\u00f3n. Esperamos\u2026","rel":"","context":"Entrada similar","block_context":{"text":"Entrada similar","link":""},"img":{"alt_text":"","src":"","width":0,"height":0},"classes":[]},{"id":72,"url":"https:\/\/acdjeyma.es\/?page_id=72","url_meta":{"origin":67,"position":5},"title":"Junta Directiva","author":"jeyma","date":"10 &#100;&#101; marzo &#100;&#101; 2011","format":false,"excerpt":"La Junta Directiva es el \u00f3rgano de representaci\u00f3n de la Asociaci\u00f3n Cultural y Deportiva Jeyma. Est\u00e1 compuesta por un Presidente, un Vicepresidente, un Secretario, un Tesorero y dos vocales. Entre otras competencias, la Junta Directiva se encarga de dirigir las actividades sociales y llevar la gesti\u00f3n econ\u00f3mica y administrativa de\u2026","rel":"","context":"Entrada similar","block_context":{"text":"Entrada similar","link":""},"img":{"alt_text":"","src":"","width":0,"height":0},"classes":[]}],"_links":{"self":[{"href":"https:\/\/acdjeyma.es\/index.php?rest_route=\/wp\/v2\/pages\/67","targetHints":{"allow":["GET"]}}],"collection":[{"href":"https:\/\/acdjeyma.es\/index.php?rest_route=\/wp\/v2\/pages"}],"about":[{"href":"https:\/\/acdjeyma.es\/index.php?rest_route=\/wp\/v2\/types\/page"}],"author":[{"embeddable":true,"href":"https:\/\/acdjeyma.es\/index.php?rest_route=\/wp\/v2\/users\/1"}],"replies":[{"embeddable":true,"href":"https:\/\/acdjeyma.es\/index.php?rest_route=%2Fwp%2Fv2%2Fcomments&post=67"}],"version-history":[{"count":3,"href":"https:\/\/acdjeyma.es\/index.php?rest_route=\/wp\/v2\/pages\/67\/revisions"}],"predecessor-version":[{"id":2962,"href":"https:\/\/acdjeyma.es\/index.php?rest_route=\/wp\/v2\/pages\/67\/revisions\/2962"}],"wp:attachment":[{"href":"https:\/\/acdjeyma.es\/index.php?rest_route=%2Fwp%2Fv2%2Fmedia&parent=67"}],"curies":[{"name":"wp","href":"https:\/\/api.w.org\/{rel}","templated":true}]}}