{"id":279,"date":"2011-05-08T00:33:51","date_gmt":"2011-05-07T23:33:51","guid":{"rendered":"http:\/\/asociacion.sportteamjeyma.hostei.com\/?page_id=279"},"modified":"2013-10-16T01:01:05","modified_gmt":"2013-10-15T23:01:05","slug":"boletines-informativos","status":"publish","type":"page","link":"https:\/\/acdjeyma.es\/?page_id=279","title":{"rendered":"Boletines informativos"},"content":{"rendered":"<div class=\"pf-content\"><p><img decoding=\"async\" class=\"wp-caption alignright\" style=\"border: 0px;\" title=\"Boletines informativos de la ACD Jeyma\" src=\"images\/boletines.jpg\" alt=\"Boletines informativos de la ACD Jeyma\" align=\"right\" \/><\/p>\n<p style=\"text-align: justify;\">La Asociaci\u00f3n Cultural y Deportiva Jeyma, para hacer llegar sus actividades tanto a sus asociados como a quien est\u00e9 interesado en ellas, publica de forma m\u00e1s o menos regular una edici\u00f3n impresa de boletines informativos.<\/p>\n<p style=\"text-align: justify;\">En esta secci\u00f3n puedes consultar todos los boletines informativos editados por la Asociaci\u00f3n Cultural y Deportiva Jeyma con la finalidad de dar a conocer toda la actualidad de la Asociaci\u00f3n y las actividades desarrolladas. Estos boletines pueden encontrarse en soporte de papel en la sede social de la ACD Jeyma y en diferentes lugares p\u00fablicos los primeros d\u00edas del mes en que son editados.<\/p>\n<p style=\"text-align: justify;\">Como novedad, para estar al d\u00eda de las noticias y eventos organizados desde la Asociaci\u00f3n Cultural y Deportiva Jeyma, ahora puedes darte de alta en el servicio de <a title=\"Suscripci\u00f3n por e-mail a los boletines informativos\" href=\"http:\/\/acdjeyma.es\/?page_id=693\">suscripci\u00f3n por e-mail a los boletines informativos<\/a>. De este modo, recibir\u00e1s en tu direcci\u00f3n de correo electr\u00f3nico todos los boletines informativos de la ACD Jeyma en el momento de su publicaci\u00f3n, y tambi\u00e9n todas las noticias sobre las actividades programadas.<\/p>\n<p style=\"text-align: justify;\">En la siguiente tabla aparecen archivados por a\u00f1o y mes de publicaci\u00f3n los diferentes boletines sacados a la luz por la Asociaci\u00f3n. Puedes descargarlos en formato pdf pinchando en cada uno de ellos.<\/p>\n<p style=\"text-align: justify;\">\n<table>\n<tbody>\n<tr>\n<td>\n<h1 style=\"text-align: center;\">A\u00f1o 2011<\/h1>\n<\/td>\n<td>\n<h1 style=\"text-align: center;\">A\u00f1o 2012<\/h1>\n<\/td>\n<td>\n<h1 style=\"text-align: center;\">A\u00f1o 2013<\/h1>\n<\/td>\n<\/tr>\n<tr class=\"alternate\">\n<td>\n<p style=\"text-align: justify; padding-left: 10px; padding-right: 10px; padding-bottom: 10px;\"><a title=\"Bolet\u00edn Informativo Mayo 2011\" href=\"\/documents\/Mayo2011.pdf\" target=\"_blank\"><img loading=\"lazy\" decoding=\"async\" style=\"border: 0pt none; vertical-align: middle;\" title=\"pdf\" src=\"\/images\/icons\/pdf.gif\" alt=\"pdf\" width=\"16\" height=\"16\" \/> Mayo 2011<\/a><\/p>\n<\/td>\n<td>\n<p style=\"text-align: justify; padding-left: 10px; padding-right: 10px; padding-bottom: 10px;\"><a title=\"Bolet\u00edn Informativo Abril 2012\" href=\"\/documents\/Abril2012.pdf\" target=\"_blank\"><img loading=\"lazy\" decoding=\"async\" style=\"border: 0pt none; vertical-align: middle;\" title=\"pdf\" src=\"\/images\/icons\/pdf.gif\" alt=\"pdf\" width=\"16\" height=\"16\" \/> Abril 2012<\/a><\/p>\n<\/td>\n<td>\n<p style=\"text-align: justify; padding-left: 10px; padding-right: 10px; padding-bottom: 10px;\"><a title=\"Bolet\u00edn Informativo Marzo 2013\" href=\"\/documents\/Marzo2013.pdf\" target=\"_blank\"><img loading=\"lazy\" decoding=\"async\" style=\"border: 0pt none; vertical-align: middle;\" title=\"pdf\" src=\"\/images\/icons\/pdf.gif\" alt=\"pdf\" width=\"16\" height=\"16\" \/> Marzo 2013<\/a><\/p>\n<\/td>\n<\/tr>\n<tr>\n<td>\n<p style=\"text-align: justify; padding-left: 10px; padding-right: 10px; padding-bottom: 10px;\"><a title=\"Bolet\u00edn Informativo Julio 2011\" href=\"\/documents\/Julio2011.pdf\" target=\"_blank\"><img loading=\"lazy\" decoding=\"async\" style=\"border: 0pt none; vertical-align: middle;\" title=\"pdf\" src=\"\/images\/icons\/pdf.gif\" alt=\"pdf\" width=\"16\" height=\"16\" \/> Julio 2011<\/a><\/p>\n<\/td>\n<td>\n<p style=\"text-align: justify; padding-left: 10px; padding-right: 10px; padding-bottom: 10px;\"><a title=\"Bolet\u00edn Informativo Noviembre 2012\" href=\"\/documents\/Noviembre2012.pdf\" target=\"_blank\"><img loading=\"lazy\" decoding=\"async\" style=\"border: 0pt none; vertical-align: middle;\" title=\"pdf\" src=\"\/images\/icons\/pdf.gif\" alt=\"pdf\" width=\"16\" height=\"16\" \/> Noviembre 2012<\/a><\/p>\n<\/td>\n<td>\n<p style=\"text-align: justify; padding-left: 10px; padding-right: 10px; padding-bottom: 10px;\"><a title=\"Bolet\u00edn Informativo Octubre 2013\" href=\"\/documents\/Octubre2013.pdf\" target=\"_blank\"><img loading=\"lazy\" decoding=\"async\" style=\"border: 0pt none; vertical-align: middle;\" title=\"pdf\" src=\"\/images\/icons\/pdf.gif\" alt=\"pdf\" width=\"16\" height=\"16\" \/> Octubre 2013<\/a><\/p>\n<\/td>\n<\/tr>\n<tr class=\"alternate\">\n<td>\n<p style=\"text-align: justify; padding-left: 10px; padding-right: 10px; padding-bottom: 10px;\"><a title=\"Bolet\u00edn Informativo Septiembre 2011\" href=\"\/documents\/Septiembre2011.pdf\" target=\"_blank\"><img loading=\"lazy\" decoding=\"async\" style=\"border: 0pt none; vertical-align: middle;\" title=\"pdf\" src=\"\/images\/icons\/pdf.gif\" alt=\"pdf\" width=\"16\" height=\"16\" \/> Septiembre 2011<\/a><\/p>\n<\/td>\n<td><\/td>\n<td><\/td>\n<\/tr>\n<\/tbody>\n<\/table>\n<p style=\"text-align: justify;\">Cada publicaci\u00f3n incluye una peque\u00f1a ficha de inscripci\u00f3n con los datos necesarios para <a title=\"Hazte socio de la ACD Jeyma\" href=\"http:\/\/acdjeyma.es\/?page_id=226\">hacerte socio de la ACD Jeyma<\/a>, que puedes rellenar y presentar en mano en la sede social o entregar a cualquier miembro de la Asociaci\u00f3n si quieres disfrutar de las ventajas de ser asociado y colaborar as\u00ed en nuestros proyectos.<\/p>\n<\/div>","protected":false},"excerpt":{"rendered":"<p>La Asociaci\u00f3n Cultural y Deportiva Jeyma, para hacer llegar sus actividades tanto a sus asociados como a quien est\u00e9 interesado en ellas, publica de forma m\u00e1s o menos regular una edici\u00f3n impresa de boletines informativos. En esta secci\u00f3n puedes consultar todos los boletines informativos editados por la Asociaci\u00f3n Cultural y Deportiva Jeyma con la finalidad &hellip; <\/p>\n<p><a class=\"more-link btn\" href=\"https:\/\/acdjeyma.es\/?page_id=279\">Seguir leyendo<\/a><\/p>\n","protected":false},"author":1,"featured_media":0,"parent":1445,"menu_order":2,"comment_status":"open","ping_status":"open","template":"","meta":{"jetpack_post_was_ever_published":false,"footnotes":""},"class_list":["post-279","page","type-page","status-publish","hentry","nodate","item-wrap"],"jetpack_shortlink":"https:\/\/wp.me\/P3uf9Z-4v","jetpack_sharing_enabled":true,"jetpack-related-posts":[{"id":693,"url":"https:\/\/acdjeyma.es\/?page_id=693","url_meta":{"origin":279,"position":0},"title":"Suscripci\u00f3n por e-mail","author":"jeyma","date":"21 &#100;&#101; agosto &#100;&#101; 2011","format":false,"excerpt":"Ahora puedes adelantarte a la publicaci\u00f3n en papel de los boletines informativos de la Asociaci\u00f3n Cultural y Deportiva Jeyma y recibir peri\u00f3dicamente en tu cuenta de correo electr\u00f3nico y de forma totalmente gratuita la versi\u00f3n digital de los boletines editados. Rellenando el formulario que se adjunta bajo estas l\u00edneas pasar\u00e1s\u2026","rel":"","context":"Entrada similar","block_context":{"text":"Entrada similar","link":""},"img":{"alt_text":"","src":"","width":0,"height":0},"classes":[]},{"id":226,"url":"https:\/\/acdjeyma.es\/?page_id=226","url_meta":{"origin":279,"position":1},"title":"Hazte socio","author":"jeyma","date":"10 &#100;&#101; abril &#100;&#101; 2011","format":false,"excerpt":"Si compartes las inquietudes y fines de la Asociaci\u00f3n Cultural y Deportiva Jeyma y quieres colaborar en nuestros proyectos para la consecuci\u00f3n de dichos fines, puedes considerar la opci\u00f3n de hacerte socio. Como socio de la ACD Jeyma podr\u00e1s asistir a las asambleas, con voz y voto, as\u00ed como participar\u2026","rel":"","context":"Entrada similar","block_context":{"text":"Entrada similar","link":""},"img":{"alt_text":"","src":"","width":0,"height":0},"classes":[]},{"id":67,"url":"https:\/\/acdjeyma.es\/?page_id=67","url_meta":{"origin":279,"position":2},"title":"Contacta con nosotros","author":"jeyma","date":"10 &#100;&#101; marzo &#100;&#101; 2011","format":false,"excerpt":"Si quieres contactar con la Asociaci\u00f3n Cultural y Deportiva Jeyma para aportar cualquier sugerencia, ofrecernos alg\u00fan proyecto o actividad de car\u00e1cter solidario, cultural o deportivo que quieras llevar a cabo, o si hay algo en la web que no funciona correctamente (alg\u00fan enlace roto, por ejemplo) por favor, no dudes\u2026","rel":"","context":"Entrada similar","block_context":{"text":"Entrada similar","link":""},"img":{"alt_text":"","src":"","width":0,"height":0},"classes":[]},{"id":1445,"url":"https:\/\/acdjeyma.es\/?page_id=1445","url_meta":{"origin":279,"position":3},"title":"Sobre la ACD Jeyma","author":"jeyma","date":"7 &#100;&#101; marzo &#100;&#101; 2011","format":false,"excerpt":"Bienvenidos a la web oficial de la Asociaci\u00f3n Cultural y Deportiva Jeyma. Este espacio nace con el objetivo de dar a conocer las actividades y eventos que se organicen desde la ACD Jeyma, informar acerca de noticias de actualidad\u00a0 y ofrecer las diferentes v\u00edas de colaboraci\u00f3n con esta Asociaci\u00f3n. Esperamos\u2026","rel":"","context":"Entrada similar","block_context":{"text":"Entrada similar","link":""},"img":{"alt_text":"","src":"","width":0,"height":0},"classes":[]},{"id":229,"url":"https:\/\/acdjeyma.es\/?page_id=229","url_meta":{"origin":279,"position":4},"title":"Actividades","author":"jeyma","date":"10 &#100;&#101; abril &#100;&#101; 2011","format":false,"excerpt":"Para la consecuci\u00f3n de los fines culturales, deportivos y solidarios que tiene por objeto la Asociaci\u00f3n Cultural y Deportiva Jeyma, se pretende organizar una serie de actividades y eventos a lo largo del a\u00f1o que satisfagan aquellas inquietudes de la sociedad bola\u00f1ega que no est\u00e9n contempladas ni ofertadas por otros\u2026","rel":"","context":"Con 4 comentarios","block_context":{"text":"Con 4 comentarios","link":"https:\/\/acdjeyma.es\/?page_id=229#comments"},"img":{"alt_text":"","src":"","width":0,"height":0},"classes":[]},{"id":2712,"url":"https:\/\/acdjeyma.es\/?page_id=2712","url_meta":{"origin":279,"position":5},"title":"Visor de partidas","author":"jeyma","date":"5 &#100;&#101; mayo &#100;&#101; 2013","format":false,"excerpt":"En esta secci\u00f3n se recogen las partidas completas correspondientes a los primeros tableros del Torneo de Ajedrez \"ACD Jeyma\", en sus diferentes ediciones, y que fueron retransmitidas en directo. En el siguiente visor de partidas aparecen organizadas por edici\u00f3n de torneo y a\u00f1o las partidas de los sucesivos torneos de\u2026","rel":"","context":"Entrada similar","block_context":{"text":"Entrada similar","link":""},"img":{"alt_text":"","src":"","width":0,"height":0},"classes":[]}],"_links":{"self":[{"href":"https:\/\/acdjeyma.es\/index.php?rest_route=\/wp\/v2\/pages\/279","targetHints":{"allow":["GET"]}}],"collection":[{"href":"https:\/\/acdjeyma.es\/index.php?rest_route=\/wp\/v2\/pages"}],"about":[{"href":"https:\/\/acdjeyma.es\/index.php?rest_route=\/wp\/v2\/types\/page"}],"author":[{"embeddable":true,"href":"https:\/\/acdjeyma.es\/index.php?rest_route=\/wp\/v2\/users\/1"}],"replies":[{"embeddable":true,"href":"https:\/\/acdjeyma.es\/index.php?rest_route=%2Fwp%2Fv2%2Fcomments&post=279"}],"version-history":[{"count":5,"href":"https:\/\/acdjeyma.es\/index.php?rest_route=\/wp\/v2\/pages\/279\/revisions"}],"predecessor-version":[{"id":2820,"href":"https:\/\/acdjeyma.es\/index.php?rest_route=\/wp\/v2\/pages\/279\/revisions\/2820"}],"up":[{"embeddable":true,"href":"https:\/\/acdjeyma.es\/index.php?rest_route=\/wp\/v2\/pages\/1445"}],"wp:attachment":[{"href":"https:\/\/acdjeyma.es\/index.php?rest_route=%2Fwp%2Fv2%2Fmedia&parent=279"}],"curies":[{"name":"wp","href":"https:\/\/api.w.org\/{rel}","templated":true}]}}