{"id":2712,"date":"2013-05-05T20:58:09","date_gmt":"2013-05-05T18:58:09","guid":{"rendered":"http:\/\/acdjeyma.es\/?page_id=2712"},"modified":"2013-06-20T12:47:21","modified_gmt":"2013-06-20T10:47:21","slug":"visor-de-partidas","status":"publish","type":"page","link":"https:\/\/acdjeyma.es\/?page_id=2712","title":{"rendered":"Visor de partidas"},"content":{"rendered":"<p style=\"text-align: justify;\">En esta secci\u00f3n se recogen las partidas completas correspondientes a los primeros tableros del <a title=\"Torneo de ajedrez ACD Jeyma\" href=\"http:\/\/acdjeyma.es\/?tag=torneo-acd-jeyma\">Torneo de Ajedrez \u00abACD Jeyma\u00bb<\/a>, en sus diferentes ediciones, y que fueron retransmitidas en directo.<\/p>\n<p><img decoding=\"async\" class=\"wp-caption aligncenter\" style=\"border: 0px;\" title=\"Torneo de ajedrez ACD Jeyma\" src=\"images\/abiertojeyma.JPG\" alt=\"Torneo de ajedrez ACD Jeyma\" align=\"middle\" \/><\/p>\n<p style=\"text-align: justify;\">En el siguiente visor de partidas aparecen organizadas por edici\u00f3n de torneo y a\u00f1o las partidas de los sucesivos torneos de ajedrez organizados por la <a title=\"Sobre la Asociaci\u00f3n Cultural y Deportiva Jeyma\" href=\"http:\/\/acdjeyma.es\/?page_id=1445\">Asociaci\u00f3n Cultural y Deportiva Jeyma<\/a>. Pinchando en los enlaces se despliega una lista con todas las partidas disponibles en la edici\u00f3n del torneo seleccionada.<\/p>\n<p style=\"text-align: justify;\">Cada una de ellas muestra la fecha en que tuvo lugar la partida, los jugadores que la disputaron, con qu\u00e9 piezas y en qu\u00e9 ronda, el resultado final, el sistema de juego empleado y todos los movimientos, desde el primero hasta el \u00faltimo.<\/p>\n<p><\/p>\n<div class=\"contentpane\">\n<iframe loading=\"lazy\" id=\"blockrandom\" name=\"iframe\" src=\"documents\/visordepartidas\/\" class=\"wrapper\" height=\"500\" scrolling=\"auto\" width=\"100%\" border=\"0\"><br \/>\n\tNo puede mostrarse el visor de partidas. Desafortunadamente, su navegador no soporta Inline Frames.<\/iframe>\n<\/div>\n<p style=\"text-align: justify;\">Por cortes\u00eda de la <a title=\"Delegaci\u00f3n de Ajedrez de Ciudad Real\" href=\"http:\/\/ciudadrealajedrez.tk\/\" target=\"_blank\">Delegaci\u00f3n de Ajedrez de Ciudad Real<\/a>.<\/p>\n","protected":false},"excerpt":{"rendered":"<p>En esta secci\u00f3n se recogen las partidas completas correspondientes a los primeros tableros del Torneo de Ajedrez \u00abACD Jeyma\u00bb, en sus diferentes ediciones, y que fueron retransmitidas en directo. En el siguiente visor de partidas aparecen organizadas por edici\u00f3n de torneo y a\u00f1o las partidas de los sucesivos torneos de ajedrez organizados por la Asociaci\u00f3n &hellip; <\/p>\n<p><a class=\"more-link btn\" href=\"https:\/\/acdjeyma.es\/?page_id=2712\">Seguir leyendo<\/a><\/p>\n","protected":false},"author":1,"featured_media":0,"parent":229,"menu_order":0,"comment_status":"open","ping_status":"open","template":"","meta":{"jetpack_post_was_ever_published":false,"footnotes":""},"class_list":["post-2712","page","type-page","status-publish","hentry","nodate","item-wrap"],"jetpack_shortlink":"https:\/\/wp.me\/P3uf9Z-HK","jetpack_sharing_enabled":true,"jetpack-related-posts":[{"id":1445,"url":"https:\/\/acdjeyma.es\/?page_id=1445","url_meta":{"origin":2712,"position":0},"title":"Sobre la ACD Jeyma","author":"jeyma","date":"7 &#100;&#101; marzo &#100;&#101; 2011","format":false,"excerpt":"Bienvenidos a la web oficial de la Asociaci\u00f3n Cultural y Deportiva Jeyma. Este espacio nace con el objetivo de dar a conocer las actividades y eventos que se organicen desde la ACD Jeyma, informar acerca de noticias de actualidad\u00a0 y ofrecer las diferentes v\u00edas de colaboraci\u00f3n con esta Asociaci\u00f3n. Esperamos\u2026","rel":"","context":"Entrada similar","block_context":{"text":"Entrada similar","link":""},"img":{"alt_text":"","src":"","width":0,"height":0},"classes":[]},{"id":279,"url":"https:\/\/acdjeyma.es\/?page_id=279","url_meta":{"origin":2712,"position":1},"title":"Boletines informativos","author":"jeyma","date":"8 &#100;&#101; mayo &#100;&#101; 2011","format":false,"excerpt":"La Asociaci\u00f3n Cultural y Deportiva Jeyma, para hacer llegar sus actividades tanto a sus asociados como a quien est\u00e9 interesado en ellas, publica de forma m\u00e1s o menos regular una edici\u00f3n impresa de boletines informativos. En esta secci\u00f3n puedes consultar todos los boletines informativos editados por la Asociaci\u00f3n Cultural y\u2026","rel":"","context":"Con 3 comentarios","block_context":{"text":"Con 3 comentarios","link":"https:\/\/acdjeyma.es\/?page_id=279#comments"},"img":{"alt_text":"pdf","src":"\/images\/icons\/pdf.gif","width":350,"height":200},"classes":[]},{"id":229,"url":"https:\/\/acdjeyma.es\/?page_id=229","url_meta":{"origin":2712,"position":2},"title":"Actividades","author":"jeyma","date":"10 &#100;&#101; abril &#100;&#101; 2011","format":false,"excerpt":"Para la consecuci\u00f3n de los fines culturales, deportivos y solidarios que tiene por objeto la Asociaci\u00f3n Cultural y Deportiva Jeyma, se pretende organizar una serie de actividades y eventos a lo largo del a\u00f1o que satisfagan aquellas inquietudes de la sociedad bola\u00f1ega que no est\u00e9n contempladas ni ofertadas por otros\u2026","rel":"","context":"Con 4 comentarios","block_context":{"text":"Con 4 comentarios","link":"https:\/\/acdjeyma.es\/?page_id=229#comments"},"img":{"alt_text":"","src":"","width":0,"height":0},"classes":[]},{"id":67,"url":"https:\/\/acdjeyma.es\/?page_id=67","url_meta":{"origin":2712,"position":3},"title":"Contacta con nosotros","author":"jeyma","date":"10 &#100;&#101; marzo &#100;&#101; 2011","format":false,"excerpt":"Si quieres contactar con la Asociaci\u00f3n Cultural y Deportiva Jeyma para aportar cualquier sugerencia, ofrecernos alg\u00fan proyecto o actividad de car\u00e1cter solidario, cultural o deportivo que quieras llevar a cabo, o si hay algo en la web que no funciona correctamente (alg\u00fan enlace roto, por ejemplo) por favor, no dudes\u2026","rel":"","context":"Entrada similar","block_context":{"text":"Entrada similar","link":""},"img":{"alt_text":"","src":"","width":0,"height":0},"classes":[]},{"id":226,"url":"https:\/\/acdjeyma.es\/?page_id=226","url_meta":{"origin":2712,"position":4},"title":"Hazte socio","author":"jeyma","date":"10 &#100;&#101; abril &#100;&#101; 2011","format":false,"excerpt":"Si compartes las inquietudes y fines de la Asociaci\u00f3n Cultural y Deportiva Jeyma y quieres colaborar en nuestros proyectos para la consecuci\u00f3n de dichos fines, puedes considerar la opci\u00f3n de hacerte socio. Como socio de la ACD Jeyma podr\u00e1s asistir a las asambleas, con voz y voto, as\u00ed como participar\u2026","rel":"","context":"Entrada similar","block_context":{"text":"Entrada similar","link":""},"img":{"alt_text":"","src":"","width":0,"height":0},"classes":[]},{"id":70,"url":"https:\/\/acdjeyma.es\/?page_id=70","url_meta":{"origin":2712,"position":5},"title":"Estatutos","author":"jeyma","date":"10 &#100;&#101; marzo &#100;&#101; 2011","format":false,"excerpt":"La Asociaci\u00f3n Cultural y Deportiva Jeyma se rige por unos estatutos redactados, en su versi\u00f3n actual, en julio de 2011. Fueron aprobados en la asamblea constituyente de la ACD Jeyma y son de obligada observancia por todos los socios y miembros de la Asociaci\u00f3n, sea cual sea el cargo o\u2026","rel":"","context":"Entrada similar","block_context":{"text":"Entrada similar","link":""},"img":{"alt_text":"pdf","src":"\/images\/icons\/pdf.gif","width":350,"height":200},"classes":[]}],"_links":{"self":[{"href":"https:\/\/acdjeyma.es\/index.php?rest_route=\/wp\/v2\/pages\/2712","targetHints":{"allow":["GET"]}}],"collection":[{"href":"https:\/\/acdjeyma.es\/index.php?rest_route=\/wp\/v2\/pages"}],"about":[{"href":"https:\/\/acdjeyma.es\/index.php?rest_route=\/wp\/v2\/types\/page"}],"author":[{"embeddable":true,"href":"https:\/\/acdjeyma.es\/index.php?rest_route=\/wp\/v2\/users\/1"}],"replies":[{"embeddable":true,"href":"https:\/\/acdjeyma.es\/index.php?rest_route=%2Fwp%2Fv2%2Fcomments&post=2712"}],"version-history":[{"count":16,"href":"https:\/\/acdjeyma.es\/index.php?rest_route=\/wp\/v2\/pages\/2712\/revisions"}],"predecessor-version":[{"id":2841,"href":"https:\/\/acdjeyma.es\/index.php?rest_route=\/wp\/v2\/pages\/2712\/revisions\/2841"}],"up":[{"embeddable":true,"href":"https:\/\/acdjeyma.es\/index.php?rest_route=\/wp\/v2\/pages\/229"}],"wp:attachment":[{"href":"https:\/\/acdjeyma.es\/index.php?rest_route=%2Fwp%2Fv2%2Fmedia&parent=2712"}],"curies":[{"name":"wp","href":"https:\/\/api.w.org\/{rel}","templated":true}]}}