{"id":229,"date":"2011-04-10T01:07:02","date_gmt":"2011-04-10T00:07:02","guid":{"rendered":"http:\/\/asociacion.sportteamjeyma.hostei.com\/?page_id=229"},"modified":"2013-11-21T03:56:57","modified_gmt":"2013-11-21T01:56:57","slug":"actividades","status":"publish","type":"page","link":"https:\/\/acdjeyma.es\/?page_id=229","title":{"rendered":"Actividades"},"content":{"rendered":"<p style=\"text-align: justify;\">Para la consecuci\u00f3n de los fines culturales, deportivos y solidarios que tiene por objeto la Asociaci\u00f3n Cultural y Deportiva Jeyma, se pretende organizar una serie de actividades y eventos a lo largo del a\u00f1o que satisfagan aquellas inquietudes de la sociedad bola\u00f1ega que no est\u00e9n contempladas ni ofertadas por otros organismos o asociaciones en nuestra localidad.<\/p>\n<p style=\"text-align: justify;\">Si tienes alguna idea de \u00edndole solidaria, cultural o deportiva y quieres llevarla a cabo, no dudes en ponerte en contacto con nosotros. Puedes sugerirnos la realizaci\u00f3n de cualquier tipo de actividad acorde con los fines de la Asociaci\u00f3n a trav\u00e9s del correo electr\u00f3nico <a href=\"mailto:info@acdjeyma.es\">info@acdjeyma.es<\/a> o usando cualquiera de las otras <a title=\"Contacta con la ACD Jeyma\" href=\"http:\/\/acdjeyma.es\/?page_id=67\">v\u00edas de contacto<\/a>.<\/p>\n<h3 style=\"text-align: justify;\"><strong>Finalidad<\/strong><\/h3>\n<p><img decoding=\"async\" class=\"wp-caption alignright\" style=\"border: 0px;\" title=\"Actividades organizadas por la ACD Jeyma\" src=\"images\/actividades.jpg\" alt=\"Actividades organizadas por la ACD Jeyma\" align=\"right\" \/><\/p>\n<p style=\"text-align: justify;\">En los estatutos de la ACD Jeyma se contempla el fomento de actividades relacionadas con la cultura y con el deporte: desarrollo de charlas sobre temas culturales, promoci\u00f3n de la lectura, cine-forum para personas de diferentes edades (ni\u00f1os, adolescentes, personas mayores), cursos de aprendizaje en diversas materias (lectura, estudio, ajedrez, etc.), actividades relacionadas con el deporte como partidos de f\u00fatbol-sala, carrera popular por el barrio de Santa Mar\u00eda, donde tiene su sede la Asociaci\u00f3n.<\/p>\n<p style=\"text-align: justify;\">La ACD Jeyma tiene tambi\u00e9n un fin social de ayuda a personas que tengan alg\u00fan tipo de necesidad, especialmente material, por lo que, en la medida de lo posible y de los recursos con los que cuente, se tratar\u00e1 de ayudar a las mismas. De este modo, se promocionan actividades tendentes a la ayuda al tercer mundo (apadrinaje, ayuda a actividades asistenciales: construcciones de dispensarios m\u00e9dicos, pozos, etc.), colaborar con otras asociaciones de la localidad, especialmente con las dedicadas a la ayuda a discapacitados, o con entidades como C\u00e1ritas.<\/p>\n<h3><strong>Actividades<\/strong><\/h3>\n<p style=\"text-align: justify;\">A continuaci\u00f3n exponemos, organizadas por categor\u00edas, las distintas <a title=\"Ver todas las entradas archivadas en Actividades\" href=\"http:\/\/acdjeyma.es\/?cat=3\">actividades<\/a> que ha llevado a cabo la ACD Jeyma y que cuentan con alguna entrada en esta web:<\/p>\n<ul>\n<li><a title=\"Ver todas las entradas archivadas en Cine-F\u00f3rum\" href=\"http:\/\/acdjeyma.es\/?cat=4\">Cine-F\u00f3rum<\/a><\/li>\n<li><a title=\"Ver todas las entradas archivadas en Conferencias\" href=\"http:\/\/acdjeyma.es\/?cat=5\">Conferencias<\/a><\/li>\n<li><a title=\"Ver todas las entradas archivadas en Culturales\" href=\"http:\/\/acdjeyma.es\/?cat=6\">Culturales<\/a><\/li>\n<li><a title=\"Ver todas las entradas archivadas en Cursos\" href=\"http:\/\/acdjeyma.es\/?cat=7\">Cursos<\/a><\/li>\n<li><a title=\"Ver todas las entradas archivadas en Deportivas\" href=\"http:\/\/acdjeyma.es\/?cat=8\">Deportivas<\/a><\/li>\n<li><a title=\"Ver todas las entradas archivadas en Excursiones\" href=\"http:\/\/acdjeyma.es\/?cat=10\">Excursiones<\/a><\/li>\n<li><a title=\"Ver todas las entradas archivadas en Exposiciones\" href=\"http:\/\/acdjeyma.es\/?cat=99\">Exposiciones<\/a><\/li>\n<li><a title=\"Ver todas las entradas archivadas en Solidarias\" href=\"http:\/\/acdjeyma.es\/?cat=16\">Solidarias<\/a><\/li>\n<\/ul>\n<h3 style=\"text-align: justify;\"><strong>Precedentes<\/strong><\/h3>\n<p style=\"text-align: justify;\">Con anterioridad a su constituci\u00f3n legal en 2009, el grupo precursor de la ACD Jeyma ha ido desarrollando variadas actividades eminentemente solidarias. Con los fondos obtenidos por la venta de loter\u00eda para el Sorteo Extraordinario de Navidad y la colaboraci\u00f3n con otras organizaciones, desde el a\u00f1o 2006 se han llevado a cabo las siguientes acciones: apadrinamiento de un ni\u00f1o en Per\u00fa, emisi\u00f3n de becas de ayuda para que las adolescentes tailandesas tengan la oportunidad de estudiar y eviten caer en la lacra de la prostituci\u00f3n, donaciones econ\u00f3micas y materiales para el programa de prevenci\u00f3n social del misionero D. Pedro Jaramillo en Guatemala, y otras donaciones en favor de entidades locales (discapacitados, solidarias\u2026) e internacionales (paliar los efectos del terremoto de Hait\u00ed de 2010).<\/p>\n<p style=\"text-align: justify;\">En la actualidad todas estas acciones de ayuda a personas y colectivos desfavorecidos siguen vigentes desarroll\u00e1ndose al amparo de la ACD Jeyma que, desde su constituci\u00f3n legal como Asociaci\u00f3n, se afana en programar nuevas actividades tendentes a unir cultura y deporte con solidaridad. T\u00fa tambi\u00e9n puedes <a title=\"Hazte socio de la ACD Jeyma\" href=\"http:\/\/acdjeyma.es\/?page_id=226\">formar parte de nuestra agrupaci\u00f3n<\/a> y colaborar en nuestros proyectos, an\u00edmate.<\/p>\n","protected":false},"excerpt":{"rendered":"<p>Para la consecuci\u00f3n de los fines culturales, deportivos y solidarios que tiene por objeto la Asociaci\u00f3n Cultural y Deportiva Jeyma, se pretende organizar una serie de actividades y eventos a lo largo del a\u00f1o que satisfagan aquellas inquietudes de la sociedad bola\u00f1ega que no est\u00e9n contempladas ni ofertadas por otros organismos o asociaciones en nuestra &hellip; <\/p>\n<p><a class=\"more-link btn\" href=\"https:\/\/acdjeyma.es\/?page_id=229\">Seguir leyendo<\/a><\/p>\n","protected":false},"author":1,"featured_media":0,"parent":1445,"menu_order":1,"comment_status":"open","ping_status":"open","template":"","meta":{"jetpack_post_was_ever_published":false,"footnotes":""},"class_list":["post-229","page","type-page","status-publish","hentry","nodate","item-wrap"],"jetpack_shortlink":"https:\/\/wp.me\/P3uf9Z-3H","jetpack_sharing_enabled":true,"jetpack-related-posts":[{"id":226,"url":"https:\/\/acdjeyma.es\/?page_id=226","url_meta":{"origin":229,"position":0},"title":"Hazte socio","author":"jeyma","date":"10 &#100;&#101; abril &#100;&#101; 2011","format":false,"excerpt":"Si compartes las inquietudes y fines de la Asociaci\u00f3n Cultural y Deportiva Jeyma y quieres colaborar en nuestros proyectos para la consecuci\u00f3n de dichos fines, puedes considerar la opci\u00f3n de hacerte socio. Como socio de la ACD Jeyma podr\u00e1s asistir a las asambleas, con voz y voto, as\u00ed como participar\u2026","rel":"","context":"Entrada similar","block_context":{"text":"Entrada similar","link":""},"img":{"alt_text":"","src":"","width":0,"height":0},"classes":[]},{"id":70,"url":"https:\/\/acdjeyma.es\/?page_id=70","url_meta":{"origin":229,"position":1},"title":"Estatutos","author":"jeyma","date":"10 &#100;&#101; marzo &#100;&#101; 2011","format":false,"excerpt":"La Asociaci\u00f3n Cultural y Deportiva Jeyma se rige por unos estatutos redactados, en su versi\u00f3n actual, en julio de 2011. Fueron aprobados en la asamblea constituyente de la ACD Jeyma y son de obligada observancia por todos los socios y miembros de la Asociaci\u00f3n, sea cual sea el cargo o\u2026","rel":"","context":"Entrada similar","block_context":{"text":"Entrada similar","link":""},"img":{"alt_text":"pdf","src":"\/images\/icons\/pdf.gif","width":350,"height":200},"classes":[]},{"id":1445,"url":"https:\/\/acdjeyma.es\/?page_id=1445","url_meta":{"origin":229,"position":2},"title":"Sobre la ACD Jeyma","author":"jeyma","date":"7 &#100;&#101; marzo &#100;&#101; 2011","format":false,"excerpt":"Bienvenidos a la web oficial de la Asociaci\u00f3n Cultural y Deportiva Jeyma. Este espacio nace con el objetivo de dar a conocer las actividades y eventos que se organicen desde la ACD Jeyma, informar acerca de noticias de actualidad\u00a0 y ofrecer las diferentes v\u00edas de colaboraci\u00f3n con esta Asociaci\u00f3n. Esperamos\u2026","rel":"","context":"Entrada similar","block_context":{"text":"Entrada similar","link":""},"img":{"alt_text":"","src":"","width":0,"height":0},"classes":[]},{"id":67,"url":"https:\/\/acdjeyma.es\/?page_id=67","url_meta":{"origin":229,"position":3},"title":"Contacta con nosotros","author":"jeyma","date":"10 &#100;&#101; marzo &#100;&#101; 2011","format":false,"excerpt":"Si quieres contactar con la Asociaci\u00f3n Cultural y Deportiva Jeyma para aportar cualquier sugerencia, ofrecernos alg\u00fan proyecto o actividad de car\u00e1cter solidario, cultural o deportivo que quieras llevar a cabo, o si hay algo en la web que no funciona correctamente (alg\u00fan enlace roto, por ejemplo) por favor, no dudes\u2026","rel":"","context":"Entrada similar","block_context":{"text":"Entrada similar","link":""},"img":{"alt_text":"","src":"","width":0,"height":0},"classes":[]},{"id":279,"url":"https:\/\/acdjeyma.es\/?page_id=279","url_meta":{"origin":229,"position":4},"title":"Boletines informativos","author":"jeyma","date":"8 &#100;&#101; mayo &#100;&#101; 2011","format":false,"excerpt":"La Asociaci\u00f3n Cultural y Deportiva Jeyma, para hacer llegar sus actividades tanto a sus asociados como a quien est\u00e9 interesado en ellas, publica de forma m\u00e1s o menos regular una edici\u00f3n impresa de boletines informativos. En esta secci\u00f3n puedes consultar todos los boletines informativos editados por la Asociaci\u00f3n Cultural y\u2026","rel":"","context":"Con 3 comentarios","block_context":{"text":"Con 3 comentarios","link":"https:\/\/acdjeyma.es\/?page_id=279#comments"},"img":{"alt_text":"pdf","src":"\/images\/icons\/pdf.gif","width":350,"height":200},"classes":[]},{"id":693,"url":"https:\/\/acdjeyma.es\/?page_id=693","url_meta":{"origin":229,"position":5},"title":"Suscripci\u00f3n por e-mail","author":"jeyma","date":"21 &#100;&#101; agosto &#100;&#101; 2011","format":false,"excerpt":"Ahora puedes adelantarte a la publicaci\u00f3n en papel de los boletines informativos de la Asociaci\u00f3n Cultural y Deportiva Jeyma y recibir peri\u00f3dicamente en tu cuenta de correo electr\u00f3nico y de forma totalmente gratuita la versi\u00f3n digital de los boletines editados. Rellenando el formulario que se adjunta bajo estas l\u00edneas pasar\u00e1s\u2026","rel":"","context":"Entrada similar","block_context":{"text":"Entrada similar","link":""},"img":{"alt_text":"","src":"","width":0,"height":0},"classes":[]}],"_links":{"self":[{"href":"https:\/\/acdjeyma.es\/index.php?rest_route=\/wp\/v2\/pages\/229","targetHints":{"allow":["GET"]}}],"collection":[{"href":"https:\/\/acdjeyma.es\/index.php?rest_route=\/wp\/v2\/pages"}],"about":[{"href":"https:\/\/acdjeyma.es\/index.php?rest_route=\/wp\/v2\/types\/page"}],"author":[{"embeddable":true,"href":"https:\/\/acdjeyma.es\/index.php?rest_route=\/wp\/v2\/users\/1"}],"replies":[{"embeddable":true,"href":"https:\/\/acdjeyma.es\/index.php?rest_route=%2Fwp%2Fv2%2Fcomments&post=229"}],"version-history":[{"count":8,"href":"https:\/\/acdjeyma.es\/index.php?rest_route=\/wp\/v2\/pages\/229\/revisions"}],"predecessor-version":[{"id":3101,"href":"https:\/\/acdjeyma.es\/index.php?rest_route=\/wp\/v2\/pages\/229\/revisions\/3101"}],"up":[{"embeddable":true,"href":"https:\/\/acdjeyma.es\/index.php?rest_route=\/wp\/v2\/pages\/1445"}],"wp:attachment":[{"href":"https:\/\/acdjeyma.es\/index.php?rest_route=%2Fwp%2Fv2%2Fmedia&parent=229"}],"curies":[{"name":"wp","href":"https:\/\/api.w.org\/{rel}","templated":true}]}}