{"id":1445,"date":"2011-03-07T15:38:26","date_gmt":"2011-03-07T15:38:26","guid":{"rendered":"http:\/\/asociacion.sportteamjeyma.hostei.com\/?page_id=2"},"modified":"2013-10-11T17:46:42","modified_gmt":"2013-10-11T15:46:42","slug":"acerca-de","status":"publish","type":"page","link":"https:\/\/acdjeyma.es\/?page_id=1445","title":{"rendered":"Sobre la ACD Jeyma"},"content":{"rendered":"<p style=\"text-align: justify;\">Bienvenidos a la web oficial de la Asociaci\u00f3n Cultural y Deportiva Jeyma. Este espacio nace con el objetivo de dar a conocer las actividades y eventos que se organicen desde la ACD Jeyma, informar acerca de noticias de actualidad\u00a0 y ofrecer las diferentes v\u00edas de colaboraci\u00f3n con esta Asociaci\u00f3n. Esperamos que esta p\u00e1gina sea de vuestro agrado y que encontr\u00e9is en ella una herramienta \u00fatil de informaci\u00f3n. De igual modo, esperamos que la web se convierta en un veh\u00edculo de comunicaci\u00f3n eficaz entre la ACD Jeyma y el resto de la sociedad bola\u00f1ega, en ambos sentidos, de tal manera que no s\u00f3lo sirva para estar informados de los eventos organizados por la Asociaci\u00f3n, sino que tambi\u00e9n la utilic\u00e9is para hacernos llegar opiniones y sugerencias a trav\u00e9s de vuestros comentarios o por medio del correo electr\u00f3nico <a title=\"Correo de la ACD Jeyma\" href=\"mailto:info@acdjeyma.es\">info@acdjeyma.es<\/a>.<\/p>\n<p><img decoding=\"async\" class=\"wp-caption aligncenter\" style=\"border: 0px;\" title=\"Imagen del Torneo de ajedrez ACD Jeyma\" src=\"images\/acdjajedrez.jpg\" alt=\"Imagen del Torneo de ajedrez ACD Jeyma\" align=\"middle\" \/><\/p>\n<h3 style=\"text-align: justify;\"><strong>ACD Jeyma<\/strong><\/h3>\n<p style=\"text-align: justify;\">Para canalizar las actividades extradeportivas llevadas a cabo por los integrantes del equipo local de f\u00fatbol sala <a title=\"Web oficial del Sport Team Jeyma\" href=\"http:\/\/sportteamjeyma.hostei.com\" target=\"_blank\">Sport Team Jeyma<\/a> y para poder realizar nuevas actividades con una mayor repercusi\u00f3n e implicaci\u00f3n de instituciones, el 14 de septiembre de 2009 fue constituida legalmente la Asociaci\u00f3n Cultural y Deportiva Jeyma (n\u00famero 22983 del Registro General de Asociaciones de la Junta de Comunidades de Castilla-La Mancha).<\/p>\n<p style=\"text-align: justify;\">Se trata de una Asociaci\u00f3n de car\u00e1cter cultural, sin \u00e1nimo de lucro y sin ocupaci\u00f3n de cuestiones pol\u00edticas. Sus fines principales son la realizaci\u00f3n de actividades relacionadas con la cultura y con el deporte, as\u00ed como la puesta en marcha de actividades de ayuda a personas y colectivos necesitados.<\/p>\n<p style=\"text-align: justify;\">Antes de ser constituida como tal, desde el a\u00f1o 2006 se han venido realizando diversas actividades solidarias, sufragadas a trav\u00e9s de la venta de papeletas y d\u00e9cimos de loter\u00eda para el Sorteo Extraordinario de Navidad. Gracias a ello y a la colaboraci\u00f3n con distintas organizaciones hemos conseguido:<\/p>\n<ul>\n<li style=\"text-align: justify;\">Apadrinar a un ni\u00f1o en Per\u00fa.<\/li>\n<li style=\"text-align: justify;\">Emitir becas de ayuda para que las adolescentes de Tailandia puedan continuar sus estudios y eviten caer en la lacra de la prostituci\u00f3n.<\/li>\n<li style=\"text-align: justify;\">Realizar donaciones econ\u00f3micas y materiales para el programa de prevenci\u00f3n social llevado a cabo por el misionero D. Pedro Jaramillo en Guatemala.<\/li>\n<li style=\"text-align: justify;\">Efectuar distintas donaciones destinadas a asociaciones bola\u00f1egas de diversa \u00edndole (discapacitados, solidarias\u2026), e incluso otras donaciones a nivel internacional como en el caso del terremoto que asol\u00f3 Hait\u00ed en el a\u00f1o 2010.<\/li>\n<\/ul>\n<p style=\"text-align: justify;\">Todas estas actividades precursoras de la ACD Jeyma se siguen llevando a cabo y, a trav\u00e9s de su constituci\u00f3n legal como Asociaci\u00f3n, se ampl\u00edan progresivamente con el entusiasmo y el trabajo desinteresado de los integrantes de nuestra agrupaci\u00f3n. Si compartes nuestras inquietudes y quieres <a title=\"Hazte socio de la ACD Jeyma\" href=\"http:\/\/acdjeyma.es\/?page_id=226\">pertenecer a la ACD Jeyma<\/a>, no esperes m\u00e1s.<\/p>\n<h3 style=\"text-align: justify;\"><strong>Sede social<\/strong><\/h3>\n<p style=\"text-align: justify;\">La Asociaci\u00f3n Cultural y Deportiva Jeyma tiene su domicilio social en la calle Cristo n\u00famero 94 de la localidad de Bola\u00f1os de Calatrava, en la provincia de Ciudad Real (Apartado de Correos 120, C\u00f3digo Postal 13260).<\/p>\n<p style=\"text-align: justify;\">El \u00e1mbito de acci\u00f3n previsto en el que esta Asociaci\u00f3n desarrolla sus actividades se circunscribe al territorio de la provincia de Ciudad Real, si bien algunos eventos organizados trascienden este \u00e1mbito, como sucede con el <a title=\"Torneo de ajedrez ACD Jeyma\" href=\"http:\/\/acdjeyma.es\/?tag=torneo-acd-jeyma\">Torneo ACD Jeyma<\/a>.<\/p>\n<h3 style=\"text-align: justify;\"><strong>Presentaci\u00f3n<\/strong><\/h3>\n<p style=\"text-align: justify;\">A continuaci\u00f3n reproducimos textualmente el discurso ofrecido por el presidente de la ACD Jeyma durante el acto de clausura del Encuentro de Solidaridad y Voluntariado de Bola\u00f1os 2011, y que sirvi\u00f3 a modo de presentaci\u00f3n en sociedad de nuestra Asociaci\u00f3n:<\/p>\n<blockquote>\n<p style=\"text-align: justify;\"><em>Buenas noches. Soy V\u00edctor Manuel Ram\u00edrez y estoy aqu\u00ed en calidad de portavoz de la Asociaci\u00f3n Cultural y Deportiva Jeyma. Ustedes se preguntar\u00e1n: \u00bfQui\u00e9nes son estos? Y \u00bfqu\u00e9 pinta una asociaci\u00f3n cultural y deportiva en un acto como \u00e9ste? Nosotros somos un grupo de amigos que nos conocimos durante la catequesis para recibir la Confirmaci\u00f3n. La manera que encontramos para seguir juntos fue la creaci\u00f3n de un equipo de f\u00fatbol sala. Hace unos a\u00f1os decidimos vender loter\u00eda. Podr\u00edamos habernos ido de vacaciones a Benidorm, de comida o haber realizado cualquier otro tipo de actividad. Sin embargo, decidimos invertir en solidaridad. Porque \u00e9sa ha sido una de las ense\u00f1anzas fundamentales que hemos recibido en la catequesis. Ense\u00f1anza que se ha convertido en un valor fundamental para nosotros, y que nos ha fortalecido como grupo. Con lo recaudado hemos iniciado proyectos con ONG\u00b4s y organizaciones de confianza: hemos apadrinado un ni\u00f1o peruano d\u00e1ndole una educaci\u00f3n y un nivel de vida que all\u00ed no pod\u00eda tener; o hemos sacado de la prostituci\u00f3n a tres ni\u00f1as tailandesas (como saben Tailandia es un pa\u00eds que vive del turismo sexual) para darles unos recursos que permitan ganarse la vida con decoro. \u00c9se es el motivo fundamental por el que hoy nosotros nos encontramos en este acto.<\/em><\/p>\n<p style=\"text-align: justify;\"><em>Para finalizar, d\u00e1ndole gracias a la organizaci\u00f3n, quisiera recalcar lo importante que es la solidaridad. Es un valor por el que merece la pena vivir. Corren tiempos muy dif\u00edciles en los que la solidaridad se puede ver mermada. No dejemos que eso suceda. Debemos seguir apostando por ella. Nosotros nos hemos hecho fuertes en base a ella. Muchas gracias a todos.<\/em><\/p>\n<p style=\"text-align: right;\">D. V\u00edctor Manuel Ram\u00edrez S\u00e1nchez, Presidente de la ACD Jeyma<br \/>\n27 de noviembre de 2011, Casa de Cultura de Bola\u00f1os de Calatrava<\/p>\n<\/blockquote>\n","protected":false},"excerpt":{"rendered":"<p>Bienvenidos a la web oficial de la Asociaci\u00f3n Cultural y Deportiva Jeyma. Este espacio nace con el objetivo de dar a conocer las actividades y eventos que se organicen desde la ACD Jeyma, informar acerca de noticias de actualidad\u00a0 y ofrecer las diferentes v\u00edas de colaboraci\u00f3n con esta Asociaci\u00f3n. Esperamos que esta p\u00e1gina sea de &hellip; <\/p>\n<p><a class=\"more-link btn\" href=\"https:\/\/acdjeyma.es\/?page_id=1445\">Seguir leyendo<\/a><\/p>\n","protected":false},"author":1,"featured_media":0,"parent":0,"menu_order":1,"comment_status":"open","ping_status":"open","template":"","meta":{"jetpack_post_was_ever_published":false,"footnotes":""},"class_list":["post-1445","page","type-page","status-publish","hentry","nodate","item-wrap"],"jetpack_shortlink":"https:\/\/wp.me\/P3uf9Z-nj","jetpack_sharing_enabled":true,"jetpack-related-posts":[{"id":279,"url":"https:\/\/acdjeyma.es\/?page_id=279","url_meta":{"origin":1445,"position":0},"title":"Boletines informativos","author":"jeyma","date":"8 &#100;&#101; mayo &#100;&#101; 2011","format":false,"excerpt":"La Asociaci\u00f3n Cultural y Deportiva Jeyma, para hacer llegar sus actividades tanto a sus asociados como a quien est\u00e9 interesado en ellas, publica de forma m\u00e1s o menos regular una edici\u00f3n impresa de boletines informativos. En esta secci\u00f3n puedes consultar todos los boletines informativos editados por la Asociaci\u00f3n Cultural y\u2026","rel":"","context":"Con 3 comentarios","block_context":{"text":"Con 3 comentarios","link":"https:\/\/acdjeyma.es\/?page_id=279#comments"},"img":{"alt_text":"pdf","src":"\/images\/icons\/pdf.gif","width":350,"height":200},"classes":[]},{"id":229,"url":"https:\/\/acdjeyma.es\/?page_id=229","url_meta":{"origin":1445,"position":1},"title":"Actividades","author":"jeyma","date":"10 &#100;&#101; abril &#100;&#101; 2011","format":false,"excerpt":"Para la consecuci\u00f3n de los fines culturales, deportivos y solidarios que tiene por objeto la Asociaci\u00f3n Cultural y Deportiva Jeyma, se pretende organizar una serie de actividades y eventos a lo largo del a\u00f1o que satisfagan aquellas inquietudes de la sociedad bola\u00f1ega que no est\u00e9n contempladas ni ofertadas por otros\u2026","rel":"","context":"Con 4 comentarios","block_context":{"text":"Con 4 comentarios","link":"https:\/\/acdjeyma.es\/?page_id=229#comments"},"img":{"alt_text":"","src":"","width":0,"height":0},"classes":[]},{"id":226,"url":"https:\/\/acdjeyma.es\/?page_id=226","url_meta":{"origin":1445,"position":2},"title":"Hazte socio","author":"jeyma","date":"10 &#100;&#101; abril &#100;&#101; 2011","format":false,"excerpt":"Si compartes las inquietudes y fines de la Asociaci\u00f3n Cultural y Deportiva Jeyma y quieres colaborar en nuestros proyectos para la consecuci\u00f3n de dichos fines, puedes considerar la opci\u00f3n de hacerte socio. Como socio de la ACD Jeyma podr\u00e1s asistir a las asambleas, con voz y voto, as\u00ed como participar\u2026","rel":"","context":"Entrada similar","block_context":{"text":"Entrada similar","link":""},"img":{"alt_text":"","src":"","width":0,"height":0},"classes":[]},{"id":67,"url":"https:\/\/acdjeyma.es\/?page_id=67","url_meta":{"origin":1445,"position":3},"title":"Contacta con nosotros","author":"jeyma","date":"10 &#100;&#101; marzo &#100;&#101; 2011","format":false,"excerpt":"Si quieres contactar con la Asociaci\u00f3n Cultural y Deportiva Jeyma para aportar cualquier sugerencia, ofrecernos alg\u00fan proyecto o actividad de car\u00e1cter solidario, cultural o deportivo que quieras llevar a cabo, o si hay algo en la web que no funciona correctamente (alg\u00fan enlace roto, por ejemplo) por favor, no dudes\u2026","rel":"","context":"Entrada similar","block_context":{"text":"Entrada similar","link":""},"img":{"alt_text":"","src":"","width":0,"height":0},"classes":[]},{"id":2712,"url":"https:\/\/acdjeyma.es\/?page_id=2712","url_meta":{"origin":1445,"position":4},"title":"Visor de partidas","author":"jeyma","date":"5 &#100;&#101; mayo &#100;&#101; 2013","format":false,"excerpt":"En esta secci\u00f3n se recogen las partidas completas correspondientes a los primeros tableros del Torneo de Ajedrez \"ACD Jeyma\", en sus diferentes ediciones, y que fueron retransmitidas en directo. En el siguiente visor de partidas aparecen organizadas por edici\u00f3n de torneo y a\u00f1o las partidas de los sucesivos torneos de\u2026","rel":"","context":"Entrada similar","block_context":{"text":"Entrada similar","link":""},"img":{"alt_text":"","src":"","width":0,"height":0},"classes":[]},{"id":693,"url":"https:\/\/acdjeyma.es\/?page_id=693","url_meta":{"origin":1445,"position":5},"title":"Suscripci\u00f3n por e-mail","author":"jeyma","date":"21 &#100;&#101; agosto &#100;&#101; 2011","format":false,"excerpt":"Ahora puedes adelantarte a la publicaci\u00f3n en papel de los boletines informativos de la Asociaci\u00f3n Cultural y Deportiva Jeyma y recibir peri\u00f3dicamente en tu cuenta de correo electr\u00f3nico y de forma totalmente gratuita la versi\u00f3n digital de los boletines editados. Rellenando el formulario que se adjunta bajo estas l\u00edneas pasar\u00e1s\u2026","rel":"","context":"Entrada similar","block_context":{"text":"Entrada similar","link":""},"img":{"alt_text":"","src":"","width":0,"height":0},"classes":[]}],"_links":{"self":[{"href":"https:\/\/acdjeyma.es\/index.php?rest_route=\/wp\/v2\/pages\/1445","targetHints":{"allow":["GET"]}}],"collection":[{"href":"https:\/\/acdjeyma.es\/index.php?rest_route=\/wp\/v2\/pages"}],"about":[{"href":"https:\/\/acdjeyma.es\/index.php?rest_route=\/wp\/v2\/types\/page"}],"author":[{"embeddable":true,"href":"https:\/\/acdjeyma.es\/index.php?rest_route=\/wp\/v2\/users\/1"}],"replies":[{"embeddable":true,"href":"https:\/\/acdjeyma.es\/index.php?rest_route=%2Fwp%2Fv2%2Fcomments&post=1445"}],"version-history":[{"count":4,"href":"https:\/\/acdjeyma.es\/index.php?rest_route=\/wp\/v2\/pages\/1445\/revisions"}],"predecessor-version":[{"id":2954,"href":"https:\/\/acdjeyma.es\/index.php?rest_route=\/wp\/v2\/pages\/1445\/revisions\/2954"}],"wp:attachment":[{"href":"https:\/\/acdjeyma.es\/index.php?rest_route=%2Fwp%2Fv2%2Fmedia&parent=1445"}],"curies":[{"name":"wp","href":"https:\/\/api.w.org\/{rel}","templated":true}]}}